{"id":816,"date":"2025-07-16T13:54:13","date_gmt":"2025-07-16T11:54:13","guid":{"rendered":"https:\/\/orlpoland.com\/?page_id=816"},"modified":"2026-02-12T08:27:51","modified_gmt":"2026-02-12T07:27:51","slug":"oddzial-warszawski-mazowiecki","status":"publish","type":"page","link":"https:\/\/orlpoland.com\/?page_id=816&lang=pl","title":{"rendered":"Oddzia\u0142 Mazowiecki"},"content":{"rendered":"\t\t<div data-elementor-type=\"wp-page\" data-elementor-id=\"816\" class=\"elementor elementor-816\">\n\t\t\t\t<div class=\"elementor-element elementor-element-ec4dce1 e-flex e-con-boxed e-con e-parent\" data-id=\"ec4dce1\" data-element_type=\"container\" data-e-type=\"container\">\n\t\t\t\t\t<div class=\"e-con-inner\">\n\t\t\t\t<div class=\"elementor-element elementor-element-4e9d979 elementor-widget elementor-widget-spacer\" data-id=\"4e9d979\" data-element_type=\"widget\" data-e-type=\"widget\" data-widget_type=\"spacer.default\">\n\t\t\t\t\t\t\t<div class=\"elementor-spacer\">\n\t\t\t<div class=\"elementor-spacer-inner\"><\/div>\n\t\t<\/div>\n\t\t\t\t\t\t<\/div>\n\t\t\t\t\t<\/div>\n\t\t\t\t<\/div>\n\t\t<div class=\"elementor-element elementor-element-a8b18f0 e-flex e-con-boxed e-con e-parent\" data-id=\"a8b18f0\" data-element_type=\"container\" data-e-type=\"container\">\n\t\t\t\t\t<div class=\"e-con-inner\">\n\t\t\t\t<div class=\"elementor-element elementor-element-81348c6 elementor-view-default elementor-widget elementor-widget-icon\" data-id=\"81348c6\" data-element_type=\"widget\" data-e-type=\"widget\" data-widget_type=\"icon.default\">\n\t\t\t\t\t\t\t<div class=\"elementor-icon-wrapper\">\n\t\t\t<div class=\"elementor-icon\">\n\t\t\t<svg aria-hidden=\"true\" class=\"e-font-icon-svg e-fas-square\" viewBox=\"0 0 448 512\" xmlns=\"http:\/\/www.w3.org\/2000\/svg\"><path d=\"M400 32H48C21.5 32 0 53.5 0 80v352c0 26.5 21.5 48 48 48h352c26.5 0 48-21.5 48-48V80c0-26.5-21.5-48-48-48z\"><\/path><\/svg>\t\t\t<\/div>\n\t\t<\/div>\n\t\t\t\t\t\t<\/div>\n\t\t\t\t<div class=\"elementor-element elementor-element-560af0f elementor-widget elementor-widget-heading\" data-id=\"560af0f\" data-element_type=\"widget\" data-e-type=\"widget\" data-widget_type=\"heading.default\">\n\t\t\t\t\t<h2 class=\"elementor-heading-title elementor-size-default\">Oddzia\u0142 Mazowiecki<\/h2>\t\t\t\t<\/div>\n\t\t\t\t\t<\/div>\n\t\t\t\t<\/div>\n\t\t<div class=\"elementor-element elementor-element-adc71ac e-flex e-con-boxed e-con e-parent\" data-id=\"adc71ac\" data-element_type=\"container\" data-e-type=\"container\">\n\t\t\t\t\t<div class=\"e-con-inner\">\n\t\t\t\t<div class=\"elementor-element elementor-element-ca2e7a9 elementor-widget elementor-widget-text-editor\" data-id=\"ca2e7a9\" data-element_type=\"widget\" data-e-type=\"widget\" data-widget_type=\"text-editor.default\">\n\t\t\t\t\t\t\t\t\t<p><strong>Przewodnicz\u0105cy:<\/strong> Karolina D\u017caman<\/p><p><strong>V-ce przewodnicz\u0105cy:<\/strong> Wojciech Kukwa<\/p><p><strong>Sekretarz:<\/strong> Eliza Bro\u017cek-M\u0105dry<\/p><p><strong>Skarbnik:<\/strong> Maria Makuszewska<\/p><p><strong>Cz\u0142onek zarz\u0105du:<\/strong> Kornel Szczygielski<\/p><p><strong>E-mail: <a href=\"mailto:ompto@tlen.pl\">ompto@tlen.pl<\/a><\/strong><\/p><p><strong>Strona Oddzia\u0142u: <a href=\"http:\/\/www.otolaryngologia.mazowsze.pl\" target=\"_blank\" rel=\"noopener\">www.otolaryngologia.mazowsze.pl<\/a><\/strong><\/p>\t\t\t\t\t\t\t\t<\/div>\n\t\t\t\t<div class=\"elementor-element elementor-element-25b3048 elementor-widget elementor-widget-spacer\" data-id=\"25b3048\" data-element_type=\"widget\" data-e-type=\"widget\" data-widget_type=\"spacer.default\">\n\t\t\t\t\t\t\t<div class=\"elementor-spacer\">\n\t\t\t<div class=\"elementor-spacer-inner\"><\/div>\n\t\t<\/div>\n\t\t\t\t\t\t<\/div>\n\t\t\t\t\t<\/div>\n\t\t\t\t<\/div>\n\t\t\t\t<\/div>\n\t\t","protected":false},"excerpt":{"rendered":"<p>Oddzia\u0142 Mazowiecki Przewodnicz\u0105cy: Karolina D\u017caman V-ce przewodnicz\u0105cy: Wojciech Kukwa Sekretarz: Eliza Bro\u017cek-M\u0105dry Skarbnik: Maria Makuszewska Cz\u0142onek zarz\u0105du: Kornel Szczygielski E-mail: ompto@tlen.pl Strona Oddzia\u0142u: www.otolaryngologia.mazowsze.pl<\/p>\n","protected":false},"author":1,"featured_media":0,"parent":0,"menu_order":0,"comment_status":"closed","ping_status":"closed","template":"","meta":{"footnotes":""},"class_list":["post-816","page","type-page","status-publish","hentry"],"blocksy_meta":[],"_links":{"self":[{"href":"https:\/\/orlpoland.com\/index.php?rest_route=\/wp\/v2\/pages\/816","targetHints":{"allow":["GET"]}}],"collection":[{"href":"https:\/\/orlpoland.com\/index.php?rest_route=\/wp\/v2\/pages"}],"about":[{"href":"https:\/\/orlpoland.com\/index.php?rest_route=\/wp\/v2\/types\/page"}],"author":[{"embeddable":true,"href":"https:\/\/orlpoland.com\/index.php?rest_route=\/wp\/v2\/users\/1"}],"replies":[{"embeddable":true,"href":"https:\/\/orlpoland.com\/index.php?rest_route=%2Fwp%2Fv2%2Fcomments&post=816"}],"version-history":[{"count":13,"href":"https:\/\/orlpoland.com\/index.php?rest_route=\/wp\/v2\/pages\/816\/revisions"}],"predecessor-version":[{"id":2859,"href":"https:\/\/orlpoland.com\/index.php?rest_route=\/wp\/v2\/pages\/816\/revisions\/2859"}],"wp:attachment":[{"href":"https:\/\/orlpoland.com\/index.php?rest_route=%2Fwp%2Fv2%2Fmedia&parent=816"}],"curies":[{"name":"wp","href":"https:\/\/api.w.org\/{rel}","templated":true}]}}