{"id":811,"date":"2025-07-16T13:53:06","date_gmt":"2025-07-16T11:53:06","guid":{"rendered":"https:\/\/orlpoland.com\/?page_id=811"},"modified":"2025-09-02T09:02:40","modified_gmt":"2025-09-02T07:02:40","slug":"oddzial-szczecinski","status":"publish","type":"page","link":"https:\/\/orlpoland.com\/?page_id=811&lang=pl","title":{"rendered":"Oddzia\u0142 Szczeci\u0144ski"},"content":{"rendered":"\t\t<div data-elementor-type=\"wp-page\" data-elementor-id=\"811\" class=\"elementor elementor-811\">\n\t\t\t\t<div class=\"elementor-element elementor-element-8748747 e-flex e-con-boxed e-con e-parent\" data-id=\"8748747\" data-element_type=\"container\" data-e-type=\"container\">\n\t\t\t\t\t<div class=\"e-con-inner\">\n\t\t\t\t<div class=\"elementor-element elementor-element-f91f66a elementor-widget elementor-widget-spacer\" data-id=\"f91f66a\" data-element_type=\"widget\" data-e-type=\"widget\" data-widget_type=\"spacer.default\">\n\t\t\t\t\t\t\t<div class=\"elementor-spacer\">\n\t\t\t<div class=\"elementor-spacer-inner\"><\/div>\n\t\t<\/div>\n\t\t\t\t\t\t<\/div>\n\t\t\t\t\t<\/div>\n\t\t\t\t<\/div>\n\t\t<div class=\"elementor-element elementor-element-d925946 e-flex e-con-boxed e-con e-parent\" data-id=\"d925946\" data-element_type=\"container\" data-e-type=\"container\">\n\t\t\t\t\t<div class=\"e-con-inner\">\n\t\t\t\t<div class=\"elementor-element elementor-element-c6a4d78 elementor-view-default elementor-widget elementor-widget-icon\" data-id=\"c6a4d78\" data-element_type=\"widget\" data-e-type=\"widget\" data-widget_type=\"icon.default\">\n\t\t\t\t\t\t\t<div class=\"elementor-icon-wrapper\">\n\t\t\t<div class=\"elementor-icon\">\n\t\t\t<svg aria-hidden=\"true\" class=\"e-font-icon-svg e-fas-square\" viewBox=\"0 0 448 512\" xmlns=\"http:\/\/www.w3.org\/2000\/svg\"><path d=\"M400 32H48C21.5 32 0 53.5 0 80v352c0 26.5 21.5 48 48 48h352c26.5 0 48-21.5 48-48V80c0-26.5-21.5-48-48-48z\"><\/path><\/svg>\t\t\t<\/div>\n\t\t<\/div>\n\t\t\t\t\t\t<\/div>\n\t\t\t\t<div class=\"elementor-element elementor-element-72fa2cd elementor-widget elementor-widget-heading\" data-id=\"72fa2cd\" data-element_type=\"widget\" data-e-type=\"widget\" data-widget_type=\"heading.default\">\n\t\t\t\t\t<h2 class=\"elementor-heading-title elementor-size-default\">Oddzia\u0142 Szczeci\u0144ski<\/h2>\t\t\t\t<\/div>\n\t\t\t\t\t<\/div>\n\t\t\t\t<\/div>\n\t\t<div class=\"elementor-element elementor-element-d943933 e-flex e-con-boxed e-con e-parent\" data-id=\"d943933\" data-element_type=\"container\" data-e-type=\"container\">\n\t\t\t\t\t<div class=\"e-con-inner\">\n\t\t\t\t<div class=\"elementor-element elementor-element-9a83b21 elementor-widget elementor-widget-text-editor\" data-id=\"9a83b21\" data-element_type=\"widget\" data-e-type=\"widget\" data-widget_type=\"text-editor.default\">\n\t\t\t\t\t\t\t\t\t<p><strong>Prezes:<\/strong> dr hab. n.med. Ewa Jaworowska<\/p><p><strong>Sekretarz:<\/strong> lek. Micha\u0142 Mielnik<\/p><p><strong>Skarbnik: <\/strong>dr n. med. Maciej Kawczy\u0144ski<\/p><p><strong>Cz\u0142onek zarz\u0105du:\u00a0<\/strong>dr n. med. Jakub Lubi\u0144ski<\/p><p><strong>Cz\u0142onek zarz\u0105du:<\/strong> lek. Grzegorz Jamro<\/p>\t\t\t\t\t\t\t\t<\/div>\n\t\t\t\t<div class=\"elementor-element elementor-element-977ee3a elementor-widget elementor-widget-spacer\" data-id=\"977ee3a\" data-element_type=\"widget\" data-e-type=\"widget\" data-widget_type=\"spacer.default\">\n\t\t\t\t\t\t\t<div class=\"elementor-spacer\">\n\t\t\t<div class=\"elementor-spacer-inner\"><\/div>\n\t\t<\/div>\n\t\t\t\t\t\t<\/div>\n\t\t\t\t\t<\/div>\n\t\t\t\t<\/div>\n\t\t\t\t<\/div>\n\t\t","protected":false},"excerpt":{"rendered":"<p>Oddzia\u0142 Szczeci\u0144ski Prezes: dr hab. n.med. Ewa Jaworowska Sekretarz: lek. Micha\u0142 Mielnik Skarbnik: dr n. med. Maciej Kawczy\u0144ski Cz\u0142onek zarz\u0105du:\u00a0dr n. med. Jakub Lubi\u0144ski Cz\u0142onek zarz\u0105du: lek. Grzegorz Jamro<\/p>\n","protected":false},"author":1,"featured_media":0,"parent":0,"menu_order":0,"comment_status":"closed","ping_status":"closed","template":"","meta":{"footnotes":""},"class_list":["post-811","page","type-page","status-publish","hentry"],"blocksy_meta":[],"_links":{"self":[{"href":"https:\/\/orlpoland.com\/index.php?rest_route=\/wp\/v2\/pages\/811","targetHints":{"allow":["GET"]}}],"collection":[{"href":"https:\/\/orlpoland.com\/index.php?rest_route=\/wp\/v2\/pages"}],"about":[{"href":"https:\/\/orlpoland.com\/index.php?rest_route=\/wp\/v2\/types\/page"}],"author":[{"embeddable":true,"href":"https:\/\/orlpoland.com\/index.php?rest_route=\/wp\/v2\/users\/1"}],"replies":[{"embeddable":true,"href":"https:\/\/orlpoland.com\/index.php?rest_route=%2Fwp%2Fv2%2Fcomments&post=811"}],"version-history":[{"count":7,"href":"https:\/\/orlpoland.com\/index.php?rest_route=\/wp\/v2\/pages\/811\/revisions"}],"predecessor-version":[{"id":1622,"href":"https:\/\/orlpoland.com\/index.php?rest_route=\/wp\/v2\/pages\/811\/revisions\/1622"}],"wp:attachment":[{"href":"https:\/\/orlpoland.com\/index.php?rest_route=%2Fwp%2Fv2%2Fmedia&parent=811"}],"curies":[{"name":"wp","href":"https:\/\/api.w.org\/{rel}","templated":true}]}}