{"id":796,"date":"2025-07-16T13:22:06","date_gmt":"2025-07-16T11:22:06","guid":{"rendered":"https:\/\/orlpoland.com\/?page_id=796"},"modified":"2025-07-16T13:23:09","modified_gmt":"2025-07-16T11:23:09","slug":"oddzial-slasko-opolski","status":"publish","type":"page","link":"https:\/\/orlpoland.com\/?page_id=796&lang=pl","title":{"rendered":"Oddzia\u0142 \u015al\u0105sko-Opolski"},"content":{"rendered":"\t\t<div data-elementor-type=\"wp-page\" data-elementor-id=\"796\" class=\"elementor elementor-796\">\n\t\t\t\t<div class=\"elementor-element elementor-element-3d06c77 e-flex e-con-boxed e-con e-parent\" data-id=\"3d06c77\" data-element_type=\"container\" data-e-type=\"container\">\n\t\t\t\t\t<div class=\"e-con-inner\">\n\t\t\t\t<div class=\"elementor-element elementor-element-53c4d3a elementor-widget elementor-widget-spacer\" data-id=\"53c4d3a\" data-element_type=\"widget\" data-e-type=\"widget\" data-widget_type=\"spacer.default\">\n\t\t\t\t\t\t\t<div class=\"elementor-spacer\">\n\t\t\t<div class=\"elementor-spacer-inner\"><\/div>\n\t\t<\/div>\n\t\t\t\t\t\t<\/div>\n\t\t\t\t\t<\/div>\n\t\t\t\t<\/div>\n\t\t<div class=\"elementor-element elementor-element-dbafb88 e-flex e-con-boxed e-con e-parent\" data-id=\"dbafb88\" data-element_type=\"container\" data-e-type=\"container\">\n\t\t\t\t\t<div class=\"e-con-inner\">\n\t\t\t\t<div class=\"elementor-element elementor-element-c0e5158 elementor-view-default elementor-widget elementor-widget-icon\" data-id=\"c0e5158\" data-element_type=\"widget\" data-e-type=\"widget\" data-widget_type=\"icon.default\">\n\t\t\t\t\t\t\t<div class=\"elementor-icon-wrapper\">\n\t\t\t<div class=\"elementor-icon\">\n\t\t\t<svg aria-hidden=\"true\" class=\"e-font-icon-svg e-fas-square\" viewBox=\"0 0 448 512\" xmlns=\"http:\/\/www.w3.org\/2000\/svg\"><path d=\"M400 32H48C21.5 32 0 53.5 0 80v352c0 26.5 21.5 48 48 48h352c26.5 0 48-21.5 48-48V80c0-26.5-21.5-48-48-48z\"><\/path><\/svg>\t\t\t<\/div>\n\t\t<\/div>\n\t\t\t\t\t\t<\/div>\n\t\t\t\t<div class=\"elementor-element elementor-element-ceba6fa elementor-widget elementor-widget-heading\" data-id=\"ceba6fa\" data-element_type=\"widget\" data-e-type=\"widget\" data-widget_type=\"heading.default\">\n\t\t\t\t\t<h2 class=\"elementor-heading-title elementor-size-default\">Oddzia\u0142 \u015al\u0105sko-Opolski<\/h2>\t\t\t\t<\/div>\n\t\t\t\t\t<\/div>\n\t\t\t\t<\/div>\n\t\t<div class=\"elementor-element elementor-element-2b7464a e-flex e-con-boxed e-con e-parent\" data-id=\"2b7464a\" data-element_type=\"container\" data-e-type=\"container\">\n\t\t\t\t\t<div class=\"e-con-inner\">\n\t\t\t\t<div class=\"elementor-element elementor-element-1229687 elementor-widget elementor-widget-text-editor\" data-id=\"1229687\" data-element_type=\"widget\" data-e-type=\"widget\" data-widget_type=\"text-editor.default\">\n\t\t\t\t\t\t\t\t\t<p><strong>Przewodnicz\u0105cy:<\/strong> Krzysztof Morawski<\/p><p><strong>Sekretarz:<\/strong> Jerzy Jakubiszyn<\/p><p><strong>Skarbnik:<\/strong> Laura Polaczkiewicz-Zuchowska<\/p><p><strong>Cz\u0142onek zarz\u0105du:<\/strong> Katarzyna Mi\u015bkiewicz<\/p><p><strong>Cz\u0142onek zarz\u0105du:<\/strong> Wojciech Sm\u00f3\u0142ka<\/p><p><strong>E-mail: <a href=\"mailto:ptorlslaskopole@gmail.com\">ptorlslaskopole@gmail.com<\/a><\/strong><\/p>\t\t\t\t\t\t\t\t<\/div>\n\t\t\t\t<div class=\"elementor-element elementor-element-18837ce elementor-widget elementor-widget-spacer\" data-id=\"18837ce\" data-element_type=\"widget\" data-e-type=\"widget\" data-widget_type=\"spacer.default\">\n\t\t\t\t\t\t\t<div class=\"elementor-spacer\">\n\t\t\t<div class=\"elementor-spacer-inner\"><\/div>\n\t\t<\/div>\n\t\t\t\t\t\t<\/div>\n\t\t\t\t\t<\/div>\n\t\t\t\t<\/div>\n\t\t\t\t<\/div>\n\t\t","protected":false},"excerpt":{"rendered":"<p>Oddzia\u0142 \u015al\u0105sko-Opolski Przewodnicz\u0105cy: Krzysztof Morawski Sekretarz: Jerzy Jakubiszyn Skarbnik: Laura Polaczkiewicz-Zuchowska Cz\u0142onek zarz\u0105du: Katarzyna Mi\u015bkiewicz Cz\u0142onek zarz\u0105du: Wojciech Sm\u00f3\u0142ka E-mail: ptorlslaskopole@gmail.com<\/p>\n","protected":false},"author":1,"featured_media":0,"parent":0,"menu_order":0,"comment_status":"closed","ping_status":"closed","template":"","meta":{"footnotes":""},"class_list":["post-796","page","type-page","status-publish","hentry"],"blocksy_meta":[],"_links":{"self":[{"href":"https:\/\/orlpoland.com\/index.php?rest_route=\/wp\/v2\/pages\/796","targetHints":{"allow":["GET"]}}],"collection":[{"href":"https:\/\/orlpoland.com\/index.php?rest_route=\/wp\/v2\/pages"}],"about":[{"href":"https:\/\/orlpoland.com\/index.php?rest_route=\/wp\/v2\/types\/page"}],"author":[{"embeddable":true,"href":"https:\/\/orlpoland.com\/index.php?rest_route=\/wp\/v2\/users\/1"}],"replies":[{"embeddable":true,"href":"https:\/\/orlpoland.com\/index.php?rest_route=%2Fwp%2Fv2%2Fcomments&post=796"}],"version-history":[{"count":4,"href":"https:\/\/orlpoland.com\/index.php?rest_route=\/wp\/v2\/pages\/796\/revisions"}],"predecessor-version":[{"id":800,"href":"https:\/\/orlpoland.com\/index.php?rest_route=\/wp\/v2\/pages\/796\/revisions\/800"}],"wp:attachment":[{"href":"https:\/\/orlpoland.com\/index.php?rest_route=%2Fwp%2Fv2%2Fmedia&parent=796"}],"curies":[{"name":"wp","href":"https:\/\/api.w.org\/{rel}","templated":true}]}}