{"id":788,"date":"2025-07-16T13:19:20","date_gmt":"2025-07-16T11:19:20","guid":{"rendered":"https:\/\/orlpoland.com\/?page_id=788"},"modified":"2025-09-05T12:05:02","modified_gmt":"2025-09-05T10:05:02","slug":"oddzial-rzeszowski-podkarpacki","status":"publish","type":"page","link":"https:\/\/orlpoland.com\/?page_id=788&lang=pl","title":{"rendered":"Oddzia\u0142 Rzeszowski (Podkarpacki)"},"content":{"rendered":"\t\t<div data-elementor-type=\"wp-page\" data-elementor-id=\"788\" class=\"elementor elementor-788\">\n\t\t\t\t<div class=\"elementor-element elementor-element-eec013b e-flex e-con-boxed e-con e-parent\" data-id=\"eec013b\" data-element_type=\"container\" data-e-type=\"container\">\n\t\t\t\t\t<div class=\"e-con-inner\">\n\t\t\t\t<div class=\"elementor-element elementor-element-2fcb854 elementor-widget elementor-widget-spacer\" data-id=\"2fcb854\" data-element_type=\"widget\" data-e-type=\"widget\" data-widget_type=\"spacer.default\">\n\t\t\t\t\t\t\t<div class=\"elementor-spacer\">\n\t\t\t<div class=\"elementor-spacer-inner\"><\/div>\n\t\t<\/div>\n\t\t\t\t\t\t<\/div>\n\t\t\t\t\t<\/div>\n\t\t\t\t<\/div>\n\t\t<div class=\"elementor-element elementor-element-68a2b02 e-flex e-con-boxed e-con e-parent\" data-id=\"68a2b02\" data-element_type=\"container\" data-e-type=\"container\">\n\t\t\t\t\t<div class=\"e-con-inner\">\n\t\t\t\t<div class=\"elementor-element elementor-element-7a4b077 elementor-view-default elementor-widget elementor-widget-icon\" data-id=\"7a4b077\" data-element_type=\"widget\" data-e-type=\"widget\" data-widget_type=\"icon.default\">\n\t\t\t\t\t\t\t<div class=\"elementor-icon-wrapper\">\n\t\t\t<div class=\"elementor-icon\">\n\t\t\t<svg aria-hidden=\"true\" class=\"e-font-icon-svg e-fas-square\" viewBox=\"0 0 448 512\" xmlns=\"http:\/\/www.w3.org\/2000\/svg\"><path d=\"M400 32H48C21.5 32 0 53.5 0 80v352c0 26.5 21.5 48 48 48h352c26.5 0 48-21.5 48-48V80c0-26.5-21.5-48-48-48z\"><\/path><\/svg>\t\t\t<\/div>\n\t\t<\/div>\n\t\t\t\t\t\t<\/div>\n\t\t\t\t<div class=\"elementor-element elementor-element-50f1308 elementor-widget elementor-widget-heading\" data-id=\"50f1308\" data-element_type=\"widget\" data-e-type=\"widget\" data-widget_type=\"heading.default\">\n\t\t\t\t\t<h2 class=\"elementor-heading-title elementor-size-default\">Oddzia\u0142 Rzeszowski (Podkarpacki)<\/h2>\t\t\t\t<\/div>\n\t\t\t\t\t<\/div>\n\t\t\t\t<\/div>\n\t\t<div class=\"elementor-element elementor-element-49394f8 e-flex e-con-boxed e-con e-parent\" data-id=\"49394f8\" data-element_type=\"container\" data-e-type=\"container\">\n\t\t\t\t\t<div class=\"e-con-inner\">\n\t\t\t\t<div class=\"elementor-element elementor-element-0013bc4 elementor-widget elementor-widget-text-editor\" data-id=\"0013bc4\" data-element_type=\"widget\" data-e-type=\"widget\" data-widget_type=\"text-editor.default\">\n\t\t\t\t\t\t\t\t\t<p><strong>Przewodnicz\u0105cy:<\/strong> Maciej Modrzejewski<\/p><p><strong>V-ce Przewodnicz\u0105cy:<\/strong> Andrzej Pogorzelski<\/p><p><strong>V-ce Przewodnicz\u0105cy:<\/strong> Tomasz Stapi\u0144ski<\/p><p><strong>Sekretarz:<\/strong> S\u0142awomir \u0141ukasik<\/p><p><strong>Skarbnik:<\/strong> Wojciech Domka<\/p><p><strong>Cz\u0142onek zarz\u0105du:<\/strong> Katarzyna Gotkowska<\/p><p><strong>Cz\u0142onek zarz\u0105du:<\/strong> Katarzyna Ura-Sabat<\/p><p><strong>E-mail: <a href=\"mailto:Ptorlrzeszow@wp.pl\">Ptorlrzeszow@wp.pl<\/a><\/strong><\/p>\t\t\t\t\t\t\t\t<\/div>\n\t\t\t\t<div class=\"elementor-element elementor-element-c6a8dd1 elementor-widget elementor-widget-spacer\" data-id=\"c6a8dd1\" data-element_type=\"widget\" data-e-type=\"widget\" data-widget_type=\"spacer.default\">\n\t\t\t\t\t\t\t<div class=\"elementor-spacer\">\n\t\t\t<div class=\"elementor-spacer-inner\"><\/div>\n\t\t<\/div>\n\t\t\t\t\t\t<\/div>\n\t\t\t\t\t<\/div>\n\t\t\t\t<\/div>\n\t\t\t\t<\/div>\n\t\t","protected":false},"excerpt":{"rendered":"<p>Oddzia\u0142 Rzeszowski (Podkarpacki) Przewodnicz\u0105cy: Maciej Modrzejewski V-ce Przewodnicz\u0105cy: Andrzej Pogorzelski V-ce Przewodnicz\u0105cy: Tomasz Stapi\u0144ski Sekretarz: S\u0142awomir \u0141ukasik Skarbnik: Wojciech Domka Cz\u0142onek zarz\u0105du: Katarzyna Gotkowska Cz\u0142onek zarz\u0105du: Katarzyna Ura-Sabat E-mail: Ptorlrzeszow@wp.pl<\/p>\n","protected":false},"author":1,"featured_media":0,"parent":0,"menu_order":0,"comment_status":"closed","ping_status":"closed","template":"","meta":{"footnotes":""},"class_list":["post-788","page","type-page","status-publish","hentry"],"blocksy_meta":[],"_links":{"self":[{"href":"https:\/\/orlpoland.com\/index.php?rest_route=\/wp\/v2\/pages\/788","targetHints":{"allow":["GET"]}}],"collection":[{"href":"https:\/\/orlpoland.com\/index.php?rest_route=\/wp\/v2\/pages"}],"about":[{"href":"https:\/\/orlpoland.com\/index.php?rest_route=\/wp\/v2\/types\/page"}],"author":[{"embeddable":true,"href":"https:\/\/orlpoland.com\/index.php?rest_route=\/wp\/v2\/users\/1"}],"replies":[{"embeddable":true,"href":"https:\/\/orlpoland.com\/index.php?rest_route=%2Fwp%2Fv2%2Fcomments&post=788"}],"version-history":[{"count":9,"href":"https:\/\/orlpoland.com\/index.php?rest_route=\/wp\/v2\/pages\/788\/revisions"}],"predecessor-version":[{"id":1662,"href":"https:\/\/orlpoland.com\/index.php?rest_route=\/wp\/v2\/pages\/788\/revisions\/1662"}],"wp:attachment":[{"href":"https:\/\/orlpoland.com\/index.php?rest_route=%2Fwp%2Fv2%2Fmedia&parent=788"}],"curies":[{"name":"wp","href":"https:\/\/api.w.org\/{rel}","templated":true}]}}