{"id":777,"date":"2025-07-16T12:57:46","date_gmt":"2025-07-16T10:57:46","guid":{"rendered":"https:\/\/orlpoland.com\/?page_id=777"},"modified":"2025-09-23T14:05:58","modified_gmt":"2025-09-23T12:05:58","slug":"zalecenia-konsensusy","status":"publish","type":"page","link":"https:\/\/orlpoland.com\/?page_id=777&lang=pl","title":{"rendered":"Zalecenia, Konsensusy"},"content":{"rendered":"\t\t<div data-elementor-type=\"wp-page\" data-elementor-id=\"777\" class=\"elementor elementor-777\">\n\t\t\t\t<div class=\"elementor-element elementor-element-48b8611 e-flex e-con-boxed e-con e-parent\" data-id=\"48b8611\" data-element_type=\"container\" data-e-type=\"container\">\n\t\t\t\t\t<div class=\"e-con-inner\">\n\t\t\t\t<div class=\"elementor-element elementor-element-695b81f elementor-widget elementor-widget-spacer\" data-id=\"695b81f\" data-element_type=\"widget\" data-e-type=\"widget\" data-widget_type=\"spacer.default\">\n\t\t\t\t\t\t\t<div class=\"elementor-spacer\">\n\t\t\t<div class=\"elementor-spacer-inner\"><\/div>\n\t\t<\/div>\n\t\t\t\t\t\t<\/div>\n\t\t\t\t\t<\/div>\n\t\t\t\t<\/div>\n\t\t<div class=\"elementor-element elementor-element-e64b729 e-flex e-con-boxed e-con e-parent\" data-id=\"e64b729\" data-element_type=\"container\" data-e-type=\"container\">\n\t\t\t\t\t<div class=\"e-con-inner\">\n\t\t\t\t<div class=\"elementor-element elementor-element-b0b1c8f elementor-view-default elementor-widget elementor-widget-icon\" data-id=\"b0b1c8f\" data-element_type=\"widget\" data-e-type=\"widget\" data-widget_type=\"icon.default\">\n\t\t\t\t\t\t\t<div class=\"elementor-icon-wrapper\">\n\t\t\t<div class=\"elementor-icon\">\n\t\t\t<svg aria-hidden=\"true\" class=\"e-font-icon-svg e-fas-square\" viewBox=\"0 0 448 512\" xmlns=\"http:\/\/www.w3.org\/2000\/svg\"><path d=\"M400 32H48C21.5 32 0 53.5 0 80v352c0 26.5 21.5 48 48 48h352c26.5 0 48-21.5 48-48V80c0-26.5-21.5-48-48-48z\"><\/path><\/svg>\t\t\t<\/div>\n\t\t<\/div>\n\t\t\t\t\t\t<\/div>\n\t\t\t\t<div class=\"elementor-element elementor-element-bd9e25f elementor-widget elementor-widget-heading\" data-id=\"bd9e25f\" data-element_type=\"widget\" data-e-type=\"widget\" data-widget_type=\"heading.default\">\n\t\t\t\t\t<h2 class=\"elementor-heading-title elementor-size-default\">Zalecenia i Konsensusy<\/h2>\t\t\t\t<\/div>\n\t\t\t\t\t<\/div>\n\t\t\t\t<\/div>\n\t\t<div class=\"elementor-element elementor-element-a9b4490 e-flex e-con-boxed e-con e-parent\" data-id=\"a9b4490\" data-element_type=\"container\" data-e-type=\"container\">\n\t\t\t\t\t<div class=\"e-con-inner\">\n\t\t\t\t<div class=\"elementor-element elementor-element-c5524ee elementor-widget elementor-widget-spacer\" data-id=\"c5524ee\" data-element_type=\"widget\" data-e-type=\"widget\" data-widget_type=\"spacer.default\">\n\t\t\t\t\t\t\t<div class=\"elementor-spacer\">\n\t\t\t<div class=\"elementor-spacer-inner\"><\/div>\n\t\t<\/div>\n\t\t\t\t\t\t<\/div>\n\t\t\t\t\t<\/div>\n\t\t\t\t<\/div>\n\t\t<div class=\"elementor-element elementor-element-47ec553 e-flex e-con-boxed e-con e-parent\" data-id=\"47ec553\" data-element_type=\"container\" data-e-type=\"container\">\n\t\t\t\t\t<div class=\"e-con-inner\">\n\t\t\t\t<div class=\"elementor-element elementor-element-386e98b elementor-widget elementor-widget-text-editor\" data-id=\"386e98b\" data-element_type=\"widget\" data-e-type=\"widget\" data-widget_type=\"text-editor.default\">\n\t\t\t\t\t\t\t\t\t<p>Z inicjatywy Zarz\u0105du G\u0142\u00f3wnego Polskiego Towarzystwa Otorynolaryngolog\u00f3w &#8211; Chirurg\u00f3w G\u0142owy i Szyi rozpocz\u0119to opracowywanie zalece\u0144 diagnostyczno-leczniczych dla naszej specjalno\u015bci, kt\u00f3re stanowi\u0142yby form\u0119 pomocy przy post\u0119powaniu diagnostycznym i podejmowaniu decyzji terapeutycznych. Powo\u0142ano zespo\u0142y przygotowuj\u0105ce wst\u0119pne projekty zalece\u0144&#8230;<\/p>\t\t\t\t\t\t\t\t<\/div>\n\t\t\t\t\t<\/div>\n\t\t\t\t<\/div>\n\t\t<div class=\"elementor-element elementor-element-bc96493 e-flex e-con-boxed e-con e-parent\" data-id=\"bc96493\" data-element_type=\"container\" data-e-type=\"container\">\n\t\t\t\t\t<div class=\"e-con-inner\">\n\t\t\t\t<div class=\"elementor-element elementor-element-82aa300 elementor-view-default elementor-widget elementor-widget-icon\" data-id=\"82aa300\" data-element_type=\"widget\" data-e-type=\"widget\" data-widget_type=\"icon.default\">\n\t\t\t\t\t\t\t<div class=\"elementor-icon-wrapper\">\n\t\t\t<a class=\"elementor-icon\" href=\"http:\/\/www.otolaryngologia.org.pl\/orl2\/pdf\/zalecenia\/zalecenia.zip\">\n\t\t\t<svg aria-hidden=\"true\" class=\"e-font-icon-svg e-fas-file-download\" viewBox=\"0 0 384 512\" xmlns=\"http:\/\/www.w3.org\/2000\/svg\"><path d=\"M224 136V0H24C10.7 0 0 10.7 0 24v464c0 13.3 10.7 24 24 24h336c13.3 0 24-10.7 24-24V160H248c-13.2 0-24-10.8-24-24zm76.45 211.36l-96.42 95.7c-6.65 6.61-17.39 6.61-24.04 0l-96.42-95.7C73.42 337.29 80.54 320 94.82 320H160v-80c0-8.84 7.16-16 16-16h32c8.84 0 16 7.16 16 16v80h65.18c14.28 0 21.4 17.29 11.27 27.36zM377 105L279.1 7c-4.5-4.5-10.6-7-17-7H256v128h128v-6.1c0-6.3-2.5-12.4-7-16.9z\"><\/path><\/svg>\t\t\t<\/a>\n\t\t<\/div>\n\t\t\t\t\t\t<\/div>\n\t\t\t\t<div class=\"elementor-element elementor-element-85a034a elementor-widget elementor-widget-text-editor\" data-id=\"85a034a\" data-element_type=\"widget\" data-e-type=\"widget\" data-widget_type=\"text-editor.default\">\n\t\t\t\t\t\t\t\t\t<h5><a href=\"https:\/\/orlpoland.com\/wp-content\/uploads\/2025\/09\/zalecenia.zip\" target=\"_blank\" rel=\"noopener\">Pobierz pe\u0142ny pakiet &#8211; zip 2,3 MB<\/a><\/h5>\t\t\t\t\t\t\t\t<\/div>\n\t\t\t\t\t<\/div>\n\t\t\t\t<\/div>\n\t\t<div class=\"elementor-element elementor-element-6aae9db e-flex e-con-boxed e-con e-parent\" data-id=\"6aae9db\" data-element_type=\"container\" data-e-type=\"container\">\n\t\t\t\t\t<div class=\"e-con-inner\">\n\t\t\t\t<div class=\"elementor-element elementor-element-66d7f9b elementor-widget elementor-widget-spacer\" data-id=\"66d7f9b\" data-element_type=\"widget\" data-e-type=\"widget\" data-widget_type=\"spacer.default\">\n\t\t\t\t\t\t\t<div class=\"elementor-spacer\">\n\t\t\t<div class=\"elementor-spacer-inner\"><\/div>\n\t\t<\/div>\n\t\t\t\t\t\t<\/div>\n\t\t\t\t\t<\/div>\n\t\t\t\t<\/div>\n\t\t<div class=\"elementor-element elementor-element-6979c0a e-flex e-con-boxed e-con e-parent\" data-id=\"6979c0a\" data-element_type=\"container\" data-e-type=\"container\">\n\t\t\t\t\t<div class=\"e-con-inner\">\n\t\t\t\t<div class=\"elementor-element elementor-element-66b12b0 elementor-view-default elementor-widget elementor-widget-icon\" data-id=\"66b12b0\" data-element_type=\"widget\" data-e-type=\"widget\" data-widget_type=\"icon.default\">\n\t\t\t\t\t\t\t<div class=\"elementor-icon-wrapper\">\n\t\t\t<div class=\"elementor-icon\">\n\t\t\t<svg aria-hidden=\"true\" class=\"e-font-icon-svg e-fas-square\" viewBox=\"0 0 448 512\" xmlns=\"http:\/\/www.w3.org\/2000\/svg\"><path d=\"M400 32H48C21.5 32 0 53.5 0 80v352c0 26.5 21.5 48 48 48h352c26.5 0 48-21.5 48-48V80c0-26.5-21.5-48-48-48z\"><\/path><\/svg>\t\t\t<\/div>\n\t\t<\/div>\n\t\t\t\t\t\t<\/div>\n\t\t\t\t<div class=\"elementor-element elementor-element-93f2573 elementor-widget elementor-widget-heading\" data-id=\"93f2573\" data-element_type=\"widget\" data-e-type=\"widget\" data-widget_type=\"heading.default\">\n\t\t\t\t\t<h2 class=\"elementor-heading-title elementor-size-default\">Wybrane wytyczne wed\u0142ug specjalizacji:<\/h2>\t\t\t\t<\/div>\n\t\t\t\t\t<\/div>\n\t\t\t\t<\/div>\n\t\t<div class=\"elementor-element elementor-element-fcbbcbf e-flex e-con-boxed e-con e-parent\" data-id=\"fcbbcbf\" data-element_type=\"container\" data-e-type=\"container\">\n\t\t\t\t\t<div class=\"e-con-inner\">\n\t\t\t\t<div class=\"elementor-element elementor-element-2cac3f6 elementor-widget elementor-widget-text-editor\" data-id=\"2cac3f6\" data-element_type=\"widget\" data-e-type=\"widget\" data-widget_type=\"text-editor.default\">\n\t\t\t\t\t\t\t\t\t<h4>Wybrane nowotwory g\u0142owy i szyi<\/h4><h5><a href=\"https:\/\/orlpoland.com\/wp-content\/uploads\/2025\/09\/zalecenia_nowotwory.pdf\" target=\"_blank\" rel=\"noopener\">\ud83d\udcc4 [Pobierz PDF, 200 kB]<\/a><\/h5><ul><li>Wst\u0119p.<\/li><li>Rak krtani.<\/li><li>Rak gard\u0142a.<\/li><li>Rak jamy ustnej i wargi.<\/li><li>Rak szcz\u0119ki i kompleksu nosowo-sitowego.<\/li><li>Guzy gruczo\u0142\u00f3w \u015blinowych.<\/li><li>Przerzuty z nieznanego ogniska pierwotnego.<\/li><\/ul>\t\t\t\t\t\t\t\t<\/div>\n\t\t\t\t<div class=\"elementor-element elementor-element-2e502cf elementor-widget-divider--view-line elementor-widget elementor-widget-divider\" data-id=\"2e502cf\" data-element_type=\"widget\" data-e-type=\"widget\" data-widget_type=\"divider.default\">\n\t\t\t\t\t\t\t<div class=\"elementor-divider\">\n\t\t\t<span class=\"elementor-divider-separator\">\n\t\t\t\t\t\t<\/span>\n\t\t<\/div>\n\t\t\t\t\t\t<\/div>\n\t\t\t\t<div class=\"elementor-element elementor-element-3b3ee88 elementor-widget elementor-widget-text-editor\" data-id=\"3b3ee88\" data-element_type=\"widget\" data-e-type=\"widget\" data-widget_type=\"text-editor.default\">\n\t\t\t\t\t\t\t\t\t<h4>Otolaryngologia dzieci\u0119ca<\/h4><h5><a href=\"https:\/\/orlpoland.com\/wp-content\/uploads\/2025\/09\/zalecenia_orl_dziecieca.pdf\" target=\"_blank\" rel=\"noopener\">\ud83d\udcc4 [Pobierz PDF, 140 kB]<\/a><\/h5><ul><li>Ostre zapalenie ucha \u015brodkowego.<\/li><li>Wysi\u0119kowe zapalenie ucha \u015brodkowego.<\/li><li>Przewlek\u0142e zapalenie migda\u0142k\u00f3w podniebiennych.<\/li><li>Zesp\u00f3\u0142 obturacyjnych zaburze\u0144 oddychania podczas snu u dzieci.<\/li><li>Zaburzenia oddychania przez nos &#8211; obturacja nosowa u dzieci.<\/li><li>Ostra duszno\u015b\u0107 krtaniowa.<\/li><\/ul>\t\t\t\t\t\t\t\t<\/div>\n\t\t\t\t<div class=\"elementor-element elementor-element-c680d3a elementor-widget-divider--view-line elementor-widget elementor-widget-divider\" data-id=\"c680d3a\" data-element_type=\"widget\" data-e-type=\"widget\" data-widget_type=\"divider.default\">\n\t\t\t\t\t\t\t<div class=\"elementor-divider\">\n\t\t\t<span class=\"elementor-divider-separator\">\n\t\t\t\t\t\t<\/span>\n\t\t<\/div>\n\t\t\t\t\t\t<\/div>\n\t\t\t\t<div class=\"elementor-element elementor-element-20495b4 elementor-widget elementor-widget-text-editor\" data-id=\"20495b4\" data-element_type=\"widget\" data-e-type=\"widget\" data-widget_type=\"text-editor.default\">\n\t\t\t\t\t\t\t\t\t<h4><strong>Otologia<\/strong><\/h4><h5><a href=\"https:\/\/orlpoland.com\/wp-content\/uploads\/2025\/09\/zalecenia_otologia.pdf\" target=\"_blank\" rel=\"noopener\">\ud83d\udcc4 [Pobierz PDF, 1.2 MB]<\/a><\/h5><ul><li>Przewlek\u0142e zapalenie ucha \u015brodkowego.<\/li><li>Otoskleroza.<\/li><li>Kieszonki retrakcyjne.<\/li><li>Choroba Meniere\u00b4a.<\/li><\/ul>\t\t\t\t\t\t\t\t<\/div>\n\t\t\t\t<div class=\"elementor-element elementor-element-6a8e6d7 elementor-widget-divider--view-line elementor-widget elementor-widget-divider\" data-id=\"6a8e6d7\" data-element_type=\"widget\" data-e-type=\"widget\" data-widget_type=\"divider.default\">\n\t\t\t\t\t\t\t<div class=\"elementor-divider\">\n\t\t\t<span class=\"elementor-divider-separator\">\n\t\t\t\t\t\t<\/span>\n\t\t<\/div>\n\t\t\t\t\t\t<\/div>\n\t\t\t\t<div class=\"elementor-element elementor-element-2eb781a elementor-widget elementor-widget-text-editor\" data-id=\"2eb781a\" data-element_type=\"widget\" data-e-type=\"widget\" data-widget_type=\"text-editor.default\">\n\t\t\t\t\t\t\t\t\t<h4><strong>Rynologia<\/strong><\/h4><h5><a href=\"https:\/\/orlpoland.com\/wp-content\/uploads\/2025\/09\/zalecenia_rynologia.pdf\" target=\"_blank\" rel=\"noopener\">\ud83d\udcc4 [Pobierz PDF, 550 kB]<\/a><\/h5><ul><li>Klasyfikacja zapale\u0144 zatok przynosowych i zalecenia Europejskiego Towarzystwa Rynologicznego.<\/li><\/ul>\t\t\t\t\t\t\t\t<\/div>\n\t\t\t\t<div class=\"elementor-element elementor-element-27a7d77 elementor-widget-divider--view-line elementor-widget elementor-widget-divider\" data-id=\"27a7d77\" data-element_type=\"widget\" data-e-type=\"widget\" data-widget_type=\"divider.default\">\n\t\t\t\t\t\t\t<div class=\"elementor-divider\">\n\t\t\t<span class=\"elementor-divider-separator\">\n\t\t\t\t\t\t<\/span>\n\t\t<\/div>\n\t\t\t\t\t\t<\/div>\n\t\t\t\t<div class=\"elementor-element elementor-element-4b285ec elementor-widget elementor-widget-text-editor\" data-id=\"4b285ec\" data-element_type=\"widget\" data-e-type=\"widget\" data-widget_type=\"text-editor.default\">\n\t\t\t\t\t\t\t\t\t<h4><strong>Laryngologia<\/strong><\/h4><h5><a href=\"https:\/\/orlpoland.com\/wp-content\/uploads\/2025\/09\/zalecenia_laryngologia.pdf\" target=\"_blank\" rel=\"noopener\">\ud83d\udcc4 [Pobierz PDF, 610 kB]<\/a><\/h5><ul><li>Cia\u0142a obce w prze\u0142yku.<\/li><li>Cia\u0142a obce w drogach oddechowych.<\/li><li>Duszno\u015b\u0107 krtaniowa u doros\u0142ych.<\/li><li>Stany przedrakowe i nienowotworowe choroby fa\u0142d\u00f3w g\u0142osowych.<\/li><li>Zaburzenia oddychania podczas snu u doros\u0142ych<\/li><\/ul>\t\t\t\t\t\t\t\t<\/div>\n\t\t\t\t<div class=\"elementor-element elementor-element-52fa028 elementor-widget-divider--view-line elementor-widget elementor-widget-divider\" data-id=\"52fa028\" data-element_type=\"widget\" data-e-type=\"widget\" data-widget_type=\"divider.default\">\n\t\t\t\t\t\t\t<div class=\"elementor-divider\">\n\t\t\t<span class=\"elementor-divider-separator\">\n\t\t\t\t\t\t<\/span>\n\t\t<\/div>\n\t\t\t\t\t\t<\/div>\n\t\t\t\t<div class=\"elementor-element elementor-element-aa4a646 elementor-widget elementor-widget-text-editor\" data-id=\"aa4a646\" data-element_type=\"widget\" data-e-type=\"widget\" data-widget_type=\"text-editor.default\">\n\t\t\t\t\t\t\t\t\t<h4>Post\u0119powania w przypadkach ostrego rozlanego zapalenia sk\u00f3ry przewodu s\u0142uchowego zewn\u0119trznego<\/h4><h5><a href=\"https:\/\/orlpoland.com\/wp-content\/uploads\/2025\/09\/zalecenia_zapalenie_ucha_zewnetrznego_tekst.pdf\" target=\"_blank\" rel=\"noopener\">\ud83d\udcc4 [Pobierz PDF] <\/a>&#8211; tekst<\/h5><h5><a href=\"https:\/\/orlpoland.com\/wp-content\/uploads\/2025\/09\/zalecenia_zapalenie_ucha_zewnetrznego.pdf\" target=\"_blank\" rel=\"noopener\">\ud83d\udcc4 [Pobierz PDF] <\/a>&#8211; algorytm<\/h5>\t\t\t\t\t\t\t\t<\/div>\n\t\t\t\t<div class=\"elementor-element elementor-element-5ca72d9 elementor-widget-divider--view-line elementor-widget elementor-widget-divider\" data-id=\"5ca72d9\" data-element_type=\"widget\" data-e-type=\"widget\" data-widget_type=\"divider.default\">\n\t\t\t\t\t\t\t<div class=\"elementor-divider\">\n\t\t\t<span class=\"elementor-divider-separator\">\n\t\t\t\t\t\t<\/span>\n\t\t<\/div>\n\t\t\t\t\t\t<\/div>\n\t\t\t\t<div class=\"elementor-element elementor-element-f405b83 elementor-widget elementor-widget-text-editor\" data-id=\"f405b83\" data-element_type=\"widget\" data-e-type=\"widget\" data-widget_type=\"text-editor.default\">\n\t\t\t\t\t\t\t\t\t<h4>Konsensus na temat leczenia niedos\u0142uch\u00f3w przy zastosowaniu implant\u00f3w zakotwiczonych w ko\u015bci<\/h4><h5><a href=\"https:\/\/orlpoland.com\/wp-content\/uploads\/2025\/09\/konsensus_leczenie_niedosluchow_implanty_zakotwiczone.pdf\" target=\"_blank\" rel=\"noopener\">\ud83d\udcc4 [Pobierz PDF]\u00a0<\/a><\/h5>\t\t\t\t\t\t\t\t<\/div>\n\t\t\t\t<div class=\"elementor-element elementor-element-8c449ef elementor-widget-divider--view-line elementor-widget elementor-widget-divider\" data-id=\"8c449ef\" data-element_type=\"widget\" data-e-type=\"widget\" data-widget_type=\"divider.default\">\n\t\t\t\t\t\t\t<div class=\"elementor-divider\">\n\t\t\t<span class=\"elementor-divider-separator\">\n\t\t\t\t\t\t<\/span>\n\t\t<\/div>\n\t\t\t\t\t\t<\/div>\n\t\t\t\t<div class=\"elementor-element elementor-element-48b867e elementor-widget elementor-widget-text-editor\" data-id=\"48b867e\" data-element_type=\"widget\" data-e-type=\"widget\" data-widget_type=\"text-editor.default\">\n\t\t\t\t\t\t\t\t\t<h4>Zalecenia do wykonywania procedury wszczepiania implant\u00f3w \u015blimakowych u dzieci i doros\u0142ych<\/h4><h5><a href=\"https:\/\/orlpoland.com\/wp-content\/uploads\/2025\/09\/PTORL_ChGiSz_ulotka_a4_druk201.pdf\" target=\"_blank\" rel=\"noopener\">\ud83d\udcc4 [Pobierz PDF]\u00a0<\/a><\/h5>\t\t\t\t\t\t\t\t<\/div>\n\t\t\t\t<div class=\"elementor-element elementor-element-5f5cd39 elementor-widget elementor-widget-spacer\" data-id=\"5f5cd39\" data-element_type=\"widget\" data-e-type=\"widget\" data-widget_type=\"spacer.default\">\n\t\t\t\t\t\t\t<div class=\"elementor-spacer\">\n\t\t\t<div class=\"elementor-spacer-inner\"><\/div>\n\t\t<\/div>\n\t\t\t\t\t\t<\/div>\n\t\t\t\t\t<\/div>\n\t\t\t\t<\/div>\n\t\t\t\t<\/div>\n\t\t","protected":false},"excerpt":{"rendered":"<p>Zalecenia i Konsensusy Z inicjatywy Zarz\u0105du G\u0142\u00f3wnego Polskiego Towarzystwa Otorynolaryngolog\u00f3w &#8211; Chirurg\u00f3w G\u0142owy i Szyi rozpocz\u0119to opracowywanie zalece\u0144 diagnostyczno-leczniczych dla naszej specjalno\u015bci, kt\u00f3re stanowi\u0142yby form\u0119 pomocy przy post\u0119powaniu diagnostycznym i podejmowaniu decyzji terapeutycznych. Powo\u0142ano zespo\u0142y przygotowuj\u0105ce wst\u0119pne projekty zalece\u0144&#8230; Pobierz pe\u0142ny pakiet &#8211; zip 2,3 MB Wybrane wytyczne wed\u0142ug specjalizacji: Wybrane nowotwory g\u0142owy i szyi [&hellip;]<\/p>\n","protected":false},"author":1,"featured_media":0,"parent":0,"menu_order":0,"comment_status":"closed","ping_status":"closed","template":"","meta":{"footnotes":""},"class_list":["post-777","page","type-page","status-publish","hentry"],"blocksy_meta":[],"_links":{"self":[{"href":"https:\/\/orlpoland.com\/index.php?rest_route=\/wp\/v2\/pages\/777","targetHints":{"allow":["GET"]}}],"collection":[{"href":"https:\/\/orlpoland.com\/index.php?rest_route=\/wp\/v2\/pages"}],"about":[{"href":"https:\/\/orlpoland.com\/index.php?rest_route=\/wp\/v2\/types\/page"}],"author":[{"embeddable":true,"href":"https:\/\/orlpoland.com\/index.php?rest_route=\/wp\/v2\/users\/1"}],"replies":[{"embeddable":true,"href":"https:\/\/orlpoland.com\/index.php?rest_route=%2Fwp%2Fv2%2Fcomments&post=777"}],"version-history":[{"count":16,"href":"https:\/\/orlpoland.com\/index.php?rest_route=\/wp\/v2\/pages\/777\/revisions"}],"predecessor-version":[{"id":2118,"href":"https:\/\/orlpoland.com\/index.php?rest_route=\/wp\/v2\/pages\/777\/revisions\/2118"}],"wp:attachment":[{"href":"https:\/\/orlpoland.com\/index.php?rest_route=%2Fwp%2Fv2%2Fmedia&parent=777"}],"curies":[{"name":"wp","href":"https:\/\/api.w.org\/{rel}","templated":true}]}}