{"id":772,"date":"2025-07-16T12:54:47","date_gmt":"2025-07-16T10:54:47","guid":{"rendered":"https:\/\/orlpoland.com\/?page_id=772"},"modified":"2025-08-05T10:00:01","modified_gmt":"2025-08-05T08:00:01","slug":"oddzial-poznanski","status":"publish","type":"page","link":"https:\/\/orlpoland.com\/?page_id=772&lang=pl","title":{"rendered":"Oddzia\u0142 Pozna\u0144ski"},"content":{"rendered":"\t\t<div data-elementor-type=\"wp-page\" data-elementor-id=\"772\" class=\"elementor elementor-772\">\n\t\t\t\t<div class=\"elementor-element elementor-element-4d36f8b e-flex e-con-boxed e-con e-parent\" data-id=\"4d36f8b\" data-element_type=\"container\" data-e-type=\"container\">\n\t\t\t\t\t<div class=\"e-con-inner\">\n\t\t\t\t<div class=\"elementor-element elementor-element-08f3880 elementor-widget elementor-widget-spacer\" data-id=\"08f3880\" data-element_type=\"widget\" data-e-type=\"widget\" data-widget_type=\"spacer.default\">\n\t\t\t\t\t\t\t<div class=\"elementor-spacer\">\n\t\t\t<div class=\"elementor-spacer-inner\"><\/div>\n\t\t<\/div>\n\t\t\t\t\t\t<\/div>\n\t\t\t\t\t<\/div>\n\t\t\t\t<\/div>\n\t\t<div class=\"elementor-element elementor-element-166518d e-flex e-con-boxed e-con e-parent\" data-id=\"166518d\" data-element_type=\"container\" data-e-type=\"container\">\n\t\t\t\t\t<div class=\"e-con-inner\">\n\t\t\t\t<div class=\"elementor-element elementor-element-8be0237 elementor-view-default elementor-widget elementor-widget-icon\" data-id=\"8be0237\" data-element_type=\"widget\" data-e-type=\"widget\" data-widget_type=\"icon.default\">\n\t\t\t\t\t\t\t<div class=\"elementor-icon-wrapper\">\n\t\t\t<div class=\"elementor-icon\">\n\t\t\t<svg aria-hidden=\"true\" class=\"e-font-icon-svg e-fas-square\" viewBox=\"0 0 448 512\" xmlns=\"http:\/\/www.w3.org\/2000\/svg\"><path d=\"M400 32H48C21.5 32 0 53.5 0 80v352c0 26.5 21.5 48 48 48h352c26.5 0 48-21.5 48-48V80c0-26.5-21.5-48-48-48z\"><\/path><\/svg>\t\t\t<\/div>\n\t\t<\/div>\n\t\t\t\t\t\t<\/div>\n\t\t\t\t<div class=\"elementor-element elementor-element-2f4d496 elementor-widget elementor-widget-heading\" data-id=\"2f4d496\" data-element_type=\"widget\" data-e-type=\"widget\" data-widget_type=\"heading.default\">\n\t\t\t\t\t<h2 class=\"elementor-heading-title elementor-size-default\">Oddzia\u0142 Pozna\u0144ski <\/h2>\t\t\t\t<\/div>\n\t\t\t\t\t<\/div>\n\t\t\t\t<\/div>\n\t\t<div class=\"elementor-element elementor-element-09df9ac e-flex e-con-boxed e-con e-parent\" data-id=\"09df9ac\" data-element_type=\"container\" data-e-type=\"container\">\n\t\t\t\t\t<div class=\"e-con-inner\">\n\t\t\t\t<div class=\"elementor-element elementor-element-ea6dec9 elementor-widget elementor-widget-text-editor\" data-id=\"ea6dec9\" data-element_type=\"widget\" data-e-type=\"widget\" data-widget_type=\"text-editor.default\">\n\t\t\t\t\t\t\t\t\t<p><strong>Przewodnicz\u0105cy:<\/strong> Joanna Jackowska<\/p><p><strong>Sekretarz:<\/strong> Ma\u0142gorzata Leszczy\u0144ska<\/p><p><strong>Skarbnik:<\/strong> \u0141ukasz Borucki<\/p><p><strong>Cz\u0142onek zarz\u0105du:<\/strong> Wojciech Gaw\u0119cki<\/p><p><strong>Cz\u0142onek zarz\u0105du:<\/strong> Jaros\u0142aw Szyd\u0142owski<\/p><p><strong>E-mail: <a href=\"mailto:otosk2@ump.edu.pl\">otosk2@ump.edu.pl<\/a><\/strong><\/p><p><strong>Strona Oddzia\u0142u: <a href=\"http:\/\/www.otolaryngologia.org.pl\/poznan\" target=\"_blank\" rel=\"noopener\">www.otolaryngologia.org.pl\/poznan<\/a><\/strong><\/p>\t\t\t\t\t\t\t\t<\/div>\n\t\t\t\t<div class=\"elementor-element elementor-element-5102496 elementor-widget elementor-widget-spacer\" data-id=\"5102496\" data-element_type=\"widget\" data-e-type=\"widget\" data-widget_type=\"spacer.default\">\n\t\t\t\t\t\t\t<div class=\"elementor-spacer\">\n\t\t\t<div class=\"elementor-spacer-inner\"><\/div>\n\t\t<\/div>\n\t\t\t\t\t\t<\/div>\n\t\t\t\t\t<\/div>\n\t\t\t\t<\/div>\n\t\t\t\t<\/div>\n\t\t","protected":false},"excerpt":{"rendered":"<p>Oddzia\u0142 Pozna\u0144ski Przewodnicz\u0105cy: Joanna Jackowska Sekretarz: Ma\u0142gorzata Leszczy\u0144ska Skarbnik: \u0141ukasz Borucki Cz\u0142onek zarz\u0105du: Wojciech Gaw\u0119cki Cz\u0142onek zarz\u0105du: Jaros\u0142aw Szyd\u0142owski E-mail: otosk2@ump.edu.pl Strona Oddzia\u0142u: www.otolaryngologia.org.pl\/poznan<\/p>\n","protected":false},"author":1,"featured_media":0,"parent":0,"menu_order":0,"comment_status":"closed","ping_status":"closed","template":"","meta":{"footnotes":""},"class_list":["post-772","page","type-page","status-publish","hentry"],"blocksy_meta":[],"_links":{"self":[{"href":"https:\/\/orlpoland.com\/index.php?rest_route=\/wp\/v2\/pages\/772","targetHints":{"allow":["GET"]}}],"collection":[{"href":"https:\/\/orlpoland.com\/index.php?rest_route=\/wp\/v2\/pages"}],"about":[{"href":"https:\/\/orlpoland.com\/index.php?rest_route=\/wp\/v2\/types\/page"}],"author":[{"embeddable":true,"href":"https:\/\/orlpoland.com\/index.php?rest_route=\/wp\/v2\/users\/1"}],"replies":[{"embeddable":true,"href":"https:\/\/orlpoland.com\/index.php?rest_route=%2Fwp%2Fv2%2Fcomments&post=772"}],"version-history":[{"count":7,"href":"https:\/\/orlpoland.com\/index.php?rest_route=\/wp\/v2\/pages\/772\/revisions"}],"predecessor-version":[{"id":1469,"href":"https:\/\/orlpoland.com\/index.php?rest_route=\/wp\/v2\/pages\/772\/revisions\/1469"}],"wp:attachment":[{"href":"https:\/\/orlpoland.com\/index.php?rest_route=%2Fwp%2Fv2%2Fmedia&parent=772"}],"curies":[{"name":"wp","href":"https:\/\/api.w.org\/{rel}","templated":true}]}}