{"id":767,"date":"2025-07-16T12:52:42","date_gmt":"2025-07-16T10:52:42","guid":{"rendered":"https:\/\/orlpoland.com\/?page_id=767"},"modified":"2025-07-17T09:52:02","modified_gmt":"2025-07-17T07:52:02","slug":"sekcja-foniatryczna","status":"publish","type":"page","link":"https:\/\/orlpoland.com\/?page_id=767&lang=pl","title":{"rendered":"Sekcja Foniatryczna"},"content":{"rendered":"\t\t<div data-elementor-type=\"wp-page\" data-elementor-id=\"767\" class=\"elementor elementor-767\">\n\t\t\t\t<div class=\"elementor-element elementor-element-3b50909 e-flex e-con-boxed e-con e-parent\" data-id=\"3b50909\" data-element_type=\"container\" data-e-type=\"container\">\n\t\t\t\t\t<div class=\"e-con-inner\">\n\t\t\t\t<div class=\"elementor-element elementor-element-fc4046e elementor-widget elementor-widget-spacer\" data-id=\"fc4046e\" data-element_type=\"widget\" data-e-type=\"widget\" data-widget_type=\"spacer.default\">\n\t\t\t\t\t\t\t<div class=\"elementor-spacer\">\n\t\t\t<div class=\"elementor-spacer-inner\"><\/div>\n\t\t<\/div>\n\t\t\t\t\t\t<\/div>\n\t\t\t\t\t<\/div>\n\t\t\t\t<\/div>\n\t\t<div class=\"elementor-element elementor-element-8dad8d0 e-flex e-con-boxed e-con e-parent\" data-id=\"8dad8d0\" data-element_type=\"container\" data-e-type=\"container\">\n\t\t\t\t\t<div class=\"e-con-inner\">\n\t\t\t\t<div class=\"elementor-element elementor-element-4fa1578 elementor-view-default elementor-widget elementor-widget-icon\" data-id=\"4fa1578\" data-element_type=\"widget\" data-e-type=\"widget\" data-widget_type=\"icon.default\">\n\t\t\t\t\t\t\t<div class=\"elementor-icon-wrapper\">\n\t\t\t<div class=\"elementor-icon\">\n\t\t\t<svg aria-hidden=\"true\" class=\"e-font-icon-svg e-fas-square\" viewBox=\"0 0 448 512\" xmlns=\"http:\/\/www.w3.org\/2000\/svg\"><path d=\"M400 32H48C21.5 32 0 53.5 0 80v352c0 26.5 21.5 48 48 48h352c26.5 0 48-21.5 48-48V80c0-26.5-21.5-48-48-48z\"><\/path><\/svg>\t\t\t<\/div>\n\t\t<\/div>\n\t\t\t\t\t\t<\/div>\n\t\t\t\t<div class=\"elementor-element elementor-element-58918f3 elementor-widget elementor-widget-heading\" data-id=\"58918f3\" data-element_type=\"widget\" data-e-type=\"widget\" data-widget_type=\"heading.default\">\n\t\t\t\t\t<h2 class=\"elementor-heading-title elementor-size-default\">Sekcja Foniatryczna<\/h2>\t\t\t\t<\/div>\n\t\t\t\t\t<\/div>\n\t\t\t\t<\/div>\n\t\t<div class=\"elementor-element elementor-element-667c7c7 e-flex e-con-boxed e-con e-parent\" data-id=\"667c7c7\" data-element_type=\"container\" data-e-type=\"container\">\n\t\t\t\t\t<div class=\"e-con-inner\">\n\t\t\t\t<div class=\"elementor-element elementor-element-adb3c68 elementor-widget elementor-widget-text-editor\" data-id=\"adb3c68\" data-element_type=\"widget\" data-e-type=\"widget\" data-widget_type=\"text-editor.default\">\n\t\t\t\t\t\t\t\t\t<p><strong>Przewodnicz\u0105cy:<\/strong> Danuta Raj-Koziak<\/p><p><strong>Cz\u0142onkowie zarz\u0105du:<\/strong><\/p><ul><li><p>Gra\u017cyna Lisowska<\/p><\/li><li><p>Gra\u017cyna Mielnik-Niedzielska<\/p><\/li><li><p>Beata Mia\u015bkiewicz<\/p><\/li><li><p>Hanna Zieli\u0144ska-Bli\u017aniewska<\/p><\/li><\/ul>\t\t\t\t\t\t\t\t<\/div>\n\t\t\t\t<div class=\"elementor-element elementor-element-140d27b elementor-widget elementor-widget-spacer\" data-id=\"140d27b\" data-element_type=\"widget\" data-e-type=\"widget\" data-widget_type=\"spacer.default\">\n\t\t\t\t\t\t\t<div class=\"elementor-spacer\">\n\t\t\t<div class=\"elementor-spacer-inner\"><\/div>\n\t\t<\/div>\n\t\t\t\t\t\t<\/div>\n\t\t\t\t\t<\/div>\n\t\t\t\t<\/div>\n\t\t\t\t<\/div>\n\t\t","protected":false},"excerpt":{"rendered":"<p>Sekcja Foniatryczna Przewodnicz\u0105cy: Danuta Raj-Koziak Cz\u0142onkowie zarz\u0105du: Gra\u017cyna Lisowska Gra\u017cyna Mielnik-Niedzielska Beata Mia\u015bkiewicz Hanna Zieli\u0144ska-Bli\u017aniewska<\/p>\n","protected":false},"author":1,"featured_media":0,"parent":0,"menu_order":0,"comment_status":"closed","ping_status":"closed","template":"","meta":{"footnotes":""},"class_list":["post-767","page","type-page","status-publish","hentry"],"blocksy_meta":[],"_links":{"self":[{"href":"https:\/\/orlpoland.com\/index.php?rest_route=\/wp\/v2\/pages\/767","targetHints":{"allow":["GET"]}}],"collection":[{"href":"https:\/\/orlpoland.com\/index.php?rest_route=\/wp\/v2\/pages"}],"about":[{"href":"https:\/\/orlpoland.com\/index.php?rest_route=\/wp\/v2\/types\/page"}],"author":[{"embeddable":true,"href":"https:\/\/orlpoland.com\/index.php?rest_route=\/wp\/v2\/users\/1"}],"replies":[{"embeddable":true,"href":"https:\/\/orlpoland.com\/index.php?rest_route=%2Fwp%2Fv2%2Fcomments&post=767"}],"version-history":[{"count":7,"href":"https:\/\/orlpoland.com\/index.php?rest_route=\/wp\/v2\/pages\/767\/revisions"}],"predecessor-version":[{"id":900,"href":"https:\/\/orlpoland.com\/index.php?rest_route=\/wp\/v2\/pages\/767\/revisions\/900"}],"wp:attachment":[{"href":"https:\/\/orlpoland.com\/index.php?rest_route=%2Fwp%2Fv2%2Fmedia&parent=767"}],"curies":[{"name":"wp","href":"https:\/\/api.w.org\/{rel}","templated":true}]}}