{"id":753,"date":"2025-07-16T12:37:25","date_gmt":"2025-07-16T10:37:25","guid":{"rendered":"https:\/\/orlpoland.com\/?page_id=753"},"modified":"2025-07-16T12:49:51","modified_gmt":"2025-07-16T10:49:51","slug":"patronat","status":"publish","type":"page","link":"https:\/\/orlpoland.com\/?page_id=753&lang=pl","title":{"rendered":"Patronat"},"content":{"rendered":"\t\t<div data-elementor-type=\"wp-page\" data-elementor-id=\"753\" class=\"elementor elementor-753\">\n\t\t\t\t<div class=\"elementor-element elementor-element-3295c3b e-flex e-con-boxed e-con e-parent\" data-id=\"3295c3b\" data-element_type=\"container\" data-e-type=\"container\">\n\t\t\t\t\t<div class=\"e-con-inner\">\n\t\t\t\t<div class=\"elementor-element elementor-element-b0ec371 elementor-widget elementor-widget-spacer\" data-id=\"b0ec371\" data-element_type=\"widget\" data-e-type=\"widget\" data-widget_type=\"spacer.default\">\n\t\t\t\t\t\t\t<div class=\"elementor-spacer\">\n\t\t\t<div class=\"elementor-spacer-inner\"><\/div>\n\t\t<\/div>\n\t\t\t\t\t\t<\/div>\n\t\t\t\t\t<\/div>\n\t\t\t\t<\/div>\n\t\t<div class=\"elementor-element elementor-element-8d49489 e-flex e-con-boxed e-con e-parent\" data-id=\"8d49489\" data-element_type=\"container\" data-e-type=\"container\">\n\t\t\t\t\t<div class=\"e-con-inner\">\n\t\t\t\t<div class=\"elementor-element elementor-element-d52b1fe elementor-view-default elementor-widget elementor-widget-icon\" data-id=\"d52b1fe\" data-element_type=\"widget\" data-e-type=\"widget\" data-widget_type=\"icon.default\">\n\t\t\t\t\t\t\t<div class=\"elementor-icon-wrapper\">\n\t\t\t<div class=\"elementor-icon\">\n\t\t\t<svg aria-hidden=\"true\" class=\"e-font-icon-svg e-fas-square\" viewBox=\"0 0 448 512\" xmlns=\"http:\/\/www.w3.org\/2000\/svg\"><path d=\"M400 32H48C21.5 32 0 53.5 0 80v352c0 26.5 21.5 48 48 48h352c26.5 0 48-21.5 48-48V80c0-26.5-21.5-48-48-48z\"><\/path><\/svg>\t\t\t<\/div>\n\t\t<\/div>\n\t\t\t\t\t\t<\/div>\n\t\t\t\t<div class=\"elementor-element elementor-element-9a7c89a elementor-widget elementor-widget-heading\" data-id=\"9a7c89a\" data-element_type=\"widget\" data-e-type=\"widget\" data-widget_type=\"heading.default\">\n\t\t\t\t\t<h2 class=\"elementor-heading-title elementor-size-default\">Inicjatywy pod patronatem Zarz\u0105du G\u0142\u00f3wnego<\/h2>\t\t\t\t<\/div>\n\t\t\t\t\t<\/div>\n\t\t\t\t<\/div>\n\t\t<div class=\"elementor-element elementor-element-92744f1 e-flex e-con-boxed e-con e-parent\" data-id=\"92744f1\" data-element_type=\"container\" data-e-type=\"container\">\n\t\t\t\t\t<div class=\"e-con-inner\">\n\t\t\t\t<div class=\"elementor-element elementor-element-478cafe elementor-widget elementor-widget-spacer\" data-id=\"478cafe\" data-element_type=\"widget\" data-e-type=\"widget\" data-widget_type=\"spacer.default\">\n\t\t\t\t\t\t\t<div class=\"elementor-spacer\">\n\t\t\t<div class=\"elementor-spacer-inner\"><\/div>\n\t\t<\/div>\n\t\t\t\t\t\t<\/div>\n\t\t\t\t\t<\/div>\n\t\t\t\t<\/div>\n\t\t<div class=\"elementor-element elementor-element-89b8ddb e-flex e-con-boxed e-con e-parent\" data-id=\"89b8ddb\" data-element_type=\"container\" data-e-type=\"container\">\n\t\t\t\t\t<div class=\"e-con-inner\">\n\t\t\t\t<div class=\"elementor-element elementor-element-6137361 elementor-widget elementor-widget-text-editor\" data-id=\"6137361\" data-element_type=\"widget\" data-e-type=\"widget\" data-widget_type=\"text-editor.default\">\n\t\t\t\t\t\t\t\t\t<h5>Zjazdy:<\/h5><p>\u00a0<\/p><div><b>18-20.09.2025, Opole<\/b><br \/>IX Mi\u0119dzynarodowa Konferencja Naukowo-Szkoleniowa OTOLOGIA 2025<br \/><a class=\"link\" href=\"https:\/\/www.termedia.pl\/Konferencja-IX-MIEDZYNARODOWA-KONFERENCJA-NAUKOWO-SZKOLENIOWA-OTOLOGIA-Intro,2467,33977.html\" target=\"_blank\" rel=\"noopener\">www.termedia.pl<\/a><\/div><div>\u00a0<\/div><div><b>2-4.10.2025, \u0141\u00f3d\u017a<\/b><br \/>XXI Mi\u0119dzynarodowa Konferencja Sekcji Onkologicznej PTORL ChGiSz &#8211; Onkologia G\u0142owy i Szyi 2025. Post\u0119py w Otolaryngologii<br \/><a class=\"link\" href=\"http:\/\/www.otolaryngologia.org.pl\/orl2\/zarzad_glowny\/teksty.php?plik=patronat_zg.php\" target=\"_blank\" rel=\"noopener\">www.otolaryngologia2025.pl<\/a><\/div><div>\u00a0<\/div><div><b>20-21.03.2026, Warszawa<\/b><br \/>VIII Og\u00f3lnopolska Szko\u0142a Otolaryngologii, VII Krajowy Zjazd Szkoleniowy PTORL ChGiSz<br \/><a class=\"link\" href=\"http:\/\/www.otolaryngologia.org.pl\/orl2\/zarzad_glowny\/teksty.php?plik=patronat_zg.php\" target=\"_blank\" rel=\"noopener\">www.agora-konferencje.pl<\/a><\/div><div>\u00a0<\/div><div><b>11-13.06.2026, Wroc\u0142aw<\/b><br \/>XIX Konferencja Sekcji Audiologicznej i Sekcji Foniatrycznej PTORL<\/div><div>\u00a0<\/div><div><b>23-26.09.2026, Lublin<\/b><br \/>52. Zjazd Polskiego Towarzystwa Otorynolaryngolog\u00f3w Chirurg\u00f3w G\u0142owy i Szyi<\/div>\t\t\t\t\t\t\t\t<\/div>\n\t\t\t\t<div class=\"elementor-element elementor-element-ca7eead elementor-widget-divider--view-line elementor-widget elementor-widget-divider\" data-id=\"ca7eead\" data-element_type=\"widget\" data-e-type=\"widget\" data-widget_type=\"divider.default\">\n\t\t\t\t\t\t\t<div class=\"elementor-divider\">\n\t\t\t<span class=\"elementor-divider-separator\">\n\t\t\t\t\t\t<\/span>\n\t\t<\/div>\n\t\t\t\t\t\t<\/div>\n\t\t\t\t<div class=\"elementor-element elementor-element-ca48fcb elementor-widget elementor-widget-text-editor\" data-id=\"ca48fcb\" data-element_type=\"widget\" data-e-type=\"widget\" data-widget_type=\"text-editor.default\">\n\t\t\t\t\t\t\t\t\t<h5><strong>Sieci Naukowe:<\/strong><\/h5><p>\u00a0<\/p><ul><li><em>Polish Salivary Network Database<\/em><\/li><li><em>Polish Geriatric ENT Network Database<\/em><\/li><li><em>Inicjatywa Young-ORL<\/em><\/li><\/ul>\t\t\t\t\t\t\t\t<\/div>\n\t\t\t\t<div class=\"elementor-element elementor-element-53fc728 elementor-widget elementor-widget-spacer\" data-id=\"53fc728\" data-element_type=\"widget\" data-e-type=\"widget\" data-widget_type=\"spacer.default\">\n\t\t\t\t\t\t\t<div class=\"elementor-spacer\">\n\t\t\t<div class=\"elementor-spacer-inner\"><\/div>\n\t\t<\/div>\n\t\t\t\t\t\t<\/div>\n\t\t\t\t\t<\/div>\n\t\t\t\t<\/div>\n\t\t\t\t<\/div>\n\t\t","protected":false},"excerpt":{"rendered":"<p>Inicjatywy pod patronatem Zarz\u0105du G\u0142\u00f3wnego Zjazdy: \u00a0 18-20.09.2025, OpoleIX Mi\u0119dzynarodowa Konferencja Naukowo-Szkoleniowa OTOLOGIA 2025www.termedia.pl\u00a02-4.10.2025, \u0141\u00f3d\u017aXXI Mi\u0119dzynarodowa Konferencja Sekcji Onkologicznej PTORL ChGiSz &#8211; Onkologia G\u0142owy i Szyi 2025. Post\u0119py w Otolaryngologiiwww.otolaryngologia2025.pl\u00a020-21.03.2026, WarszawaVIII Og\u00f3lnopolska Szko\u0142a Otolaryngologii, VII Krajowy Zjazd Szkoleniowy PTORL ChGiSzwww.agora-konferencje.pl\u00a011-13.06.2026, Wroc\u0142awXIX Konferencja Sekcji Audiologicznej i Sekcji Foniatrycznej PTORL\u00a023-26.09.2026, Lublin52. Zjazd Polskiego Towarzystwa Otorynolaryngolog\u00f3w Chirurg\u00f3w G\u0142owy [&hellip;]<\/p>\n","protected":false},"author":1,"featured_media":0,"parent":0,"menu_order":0,"comment_status":"closed","ping_status":"closed","template":"","meta":{"footnotes":""},"class_list":["post-753","page","type-page","status-publish","hentry"],"blocksy_meta":[],"_links":{"self":[{"href":"https:\/\/orlpoland.com\/index.php?rest_route=\/wp\/v2\/pages\/753","targetHints":{"allow":["GET"]}}],"collection":[{"href":"https:\/\/orlpoland.com\/index.php?rest_route=\/wp\/v2\/pages"}],"about":[{"href":"https:\/\/orlpoland.com\/index.php?rest_route=\/wp\/v2\/types\/page"}],"author":[{"embeddable":true,"href":"https:\/\/orlpoland.com\/index.php?rest_route=\/wp\/v2\/users\/1"}],"replies":[{"embeddable":true,"href":"https:\/\/orlpoland.com\/index.php?rest_route=%2Fwp%2Fv2%2Fcomments&post=753"}],"version-history":[{"count":7,"href":"https:\/\/orlpoland.com\/index.php?rest_route=\/wp\/v2\/pages\/753\/revisions"}],"predecessor-version":[{"id":761,"href":"https:\/\/orlpoland.com\/index.php?rest_route=\/wp\/v2\/pages\/753\/revisions\/761"}],"wp:attachment":[{"href":"https:\/\/orlpoland.com\/index.php?rest_route=%2Fwp%2Fv2%2Fmedia&parent=753"}],"curies":[{"name":"wp","href":"https:\/\/api.w.org\/{rel}","templated":true}]}}