{"id":743,"date":"2025-07-16T12:23:34","date_gmt":"2025-07-16T10:23:34","guid":{"rendered":"https:\/\/orlpoland.com\/?page_id=743"},"modified":"2026-02-02T08:48:01","modified_gmt":"2026-02-02T07:48:01","slug":"sekcja-otologii-i-neurootologii","status":"publish","type":"page","link":"https:\/\/orlpoland.com\/?page_id=743&lang=pl","title":{"rendered":"Sekcja Otologii i Neurootologii"},"content":{"rendered":"\t\t<div data-elementor-type=\"wp-page\" data-elementor-id=\"743\" class=\"elementor elementor-743\">\n\t\t\t\t<div class=\"elementor-element elementor-element-b2396a6 e-flex e-con-boxed e-con e-parent\" data-id=\"b2396a6\" data-element_type=\"container\" data-e-type=\"container\">\n\t\t\t\t\t<div class=\"e-con-inner\">\n\t\t\t\t<div class=\"elementor-element elementor-element-895cefc elementor-widget elementor-widget-spacer\" data-id=\"895cefc\" data-element_type=\"widget\" data-e-type=\"widget\" data-widget_type=\"spacer.default\">\n\t\t\t\t\t\t\t<div class=\"elementor-spacer\">\n\t\t\t<div class=\"elementor-spacer-inner\"><\/div>\n\t\t<\/div>\n\t\t\t\t\t\t<\/div>\n\t\t<div class=\"elementor-element elementor-element-a89866c e-con-full e-flex e-con e-child\" data-id=\"a89866c\" data-element_type=\"container\" data-e-type=\"container\">\n\t\t\t\t<div class=\"elementor-element elementor-element-7a6665e elementor-view-default elementor-widget elementor-widget-icon\" data-id=\"7a6665e\" data-element_type=\"widget\" data-e-type=\"widget\" data-widget_type=\"icon.default\">\n\t\t\t\t\t\t\t<div class=\"elementor-icon-wrapper\">\n\t\t\t<div class=\"elementor-icon\">\n\t\t\t<svg aria-hidden=\"true\" class=\"e-font-icon-svg e-fas-square\" viewBox=\"0 0 448 512\" xmlns=\"http:\/\/www.w3.org\/2000\/svg\"><path d=\"M400 32H48C21.5 32 0 53.5 0 80v352c0 26.5 21.5 48 48 48h352c26.5 0 48-21.5 48-48V80c0-26.5-21.5-48-48-48z\"><\/path><\/svg>\t\t\t<\/div>\n\t\t<\/div>\n\t\t\t\t\t\t<\/div>\n\t\t\t\t<div class=\"elementor-element elementor-element-b1f33ac elementor-widget elementor-widget-heading\" data-id=\"b1f33ac\" data-element_type=\"widget\" data-e-type=\"widget\" data-widget_type=\"heading.default\">\n\t\t\t\t\t<h2 class=\"elementor-heading-title elementor-size-default\">SEKCJA Otologii i Neurootologii<\/h2>\t\t\t\t<\/div>\n\t\t\t\t<\/div>\n\t\t\t\t<div class=\"elementor-element elementor-element-0064b0d elementor-widget elementor-widget-text-editor\" data-id=\"0064b0d\" data-element_type=\"widget\" data-e-type=\"widget\" data-widget_type=\"text-editor.default\">\n\t\t\t\t\t\t\t\t\t<p><strong>Przewodnicz\u0105ca Sekcji:<\/strong><\/p><p>dr n. med. Katarzyna Radomska (e-mail: <a href=\"mailto:katarzyna.radomska@pum.edu.pl\">katarzyna.radomska@pum.edu.pl<\/a>)<\/p><p>\u00a0<\/p><p><strong>Cz\u0142onkowie Zarz\u0105du: <\/strong><\/p><ul><li>prof Marcin Szyma\u0144ski<\/li><li>Prof. Krzysztof Morawski<\/li><li>Prof. Wies\u0142aw Konopka<\/li><li>dr n. med. Justyna Tyra<\/li><\/ul><p>\u00a0<\/p><p><strong>Komisja Rewizyjna:<\/strong><\/p><ul><li>dr n. med. Piotr D\u0105browski<\/li><li>dr n. med. Robert Bartoszewicz<\/li><li>lek. Micha\u0142 Mielnik<\/li><\/ul>\t\t\t\t\t\t\t\t<\/div>\n\t\t\t\t<div class=\"elementor-element elementor-element-16e0aff elementor-widget elementor-widget-spacer\" data-id=\"16e0aff\" data-element_type=\"widget\" data-e-type=\"widget\" data-widget_type=\"spacer.default\">\n\t\t\t\t\t\t\t<div class=\"elementor-spacer\">\n\t\t\t<div class=\"elementor-spacer-inner\"><\/div>\n\t\t<\/div>\n\t\t\t\t\t\t<\/div>\n\t\t\t\t\t<\/div>\n\t\t\t\t<\/div>\n\t\t\t\t<\/div>\n\t\t","protected":false},"excerpt":{"rendered":"<p>SEKCJA Otologii i Neurootologii Przewodnicz\u0105ca Sekcji: dr n. med. Katarzyna Radomska (e-mail: katarzyna.radomska@pum.edu.pl) \u00a0 Cz\u0142onkowie Zarz\u0105du: prof Marcin Szyma\u0144ski Prof. Krzysztof Morawski Prof. Wies\u0142aw Konopka dr n. med. Justyna Tyra \u00a0 Komisja Rewizyjna: dr n. med. Piotr D\u0105browski dr n. med. Robert Bartoszewicz lek. Micha\u0142 Mielnik<\/p>\n","protected":false},"author":1,"featured_media":0,"parent":0,"menu_order":0,"comment_status":"closed","ping_status":"closed","template":"","meta":{"footnotes":""},"class_list":["post-743","page","type-page","status-publish","hentry"],"blocksy_meta":[],"_links":{"self":[{"href":"https:\/\/orlpoland.com\/index.php?rest_route=\/wp\/v2\/pages\/743","targetHints":{"allow":["GET"]}}],"collection":[{"href":"https:\/\/orlpoland.com\/index.php?rest_route=\/wp\/v2\/pages"}],"about":[{"href":"https:\/\/orlpoland.com\/index.php?rest_route=\/wp\/v2\/types\/page"}],"author":[{"embeddable":true,"href":"https:\/\/orlpoland.com\/index.php?rest_route=\/wp\/v2\/users\/1"}],"replies":[{"embeddable":true,"href":"https:\/\/orlpoland.com\/index.php?rest_route=%2Fwp%2Fv2%2Fcomments&post=743"}],"version-history":[{"count":10,"href":"https:\/\/orlpoland.com\/index.php?rest_route=\/wp\/v2\/pages\/743\/revisions"}],"predecessor-version":[{"id":2845,"href":"https:\/\/orlpoland.com\/index.php?rest_route=\/wp\/v2\/pages\/743\/revisions\/2845"}],"wp:attachment":[{"href":"https:\/\/orlpoland.com\/index.php?rest_route=%2Fwp%2Fv2%2Fmedia&parent=743"}],"curies":[{"name":"wp","href":"https:\/\/api.w.org\/{rel}","templated":true}]}}