{"id":723,"date":"2025-07-16T12:16:11","date_gmt":"2025-07-16T10:16:11","guid":{"rendered":"https:\/\/orlpoland.com\/?page_id=723"},"modified":"2025-08-05T09:59:12","modified_gmt":"2025-08-05T07:59:12","slug":"oddzial-dolnoslaski","status":"publish","type":"page","link":"https:\/\/orlpoland.com\/?page_id=723&lang=pl","title":{"rendered":"Oddzia\u0142 Dolno\u015bl\u0105ski"},"content":{"rendered":"\t\t<div data-elementor-type=\"wp-page\" data-elementor-id=\"723\" class=\"elementor elementor-723\">\n\t\t\t\t<div class=\"elementor-element elementor-element-47af53c e-flex e-con-boxed e-con e-parent\" data-id=\"47af53c\" data-element_type=\"container\" data-e-type=\"container\">\n\t\t\t\t\t<div class=\"e-con-inner\">\n\t\t\t\t<div class=\"elementor-element elementor-element-d320f9e elementor-widget elementor-widget-spacer\" data-id=\"d320f9e\" data-element_type=\"widget\" data-e-type=\"widget\" data-widget_type=\"spacer.default\">\n\t\t\t\t\t\t\t<div class=\"elementor-spacer\">\n\t\t\t<div class=\"elementor-spacer-inner\"><\/div>\n\t\t<\/div>\n\t\t\t\t\t\t<\/div>\n\t\t\t\t\t<\/div>\n\t\t\t\t<\/div>\n\t\t<div class=\"elementor-element elementor-element-f83e6a5 e-flex e-con-boxed e-con e-parent\" data-id=\"f83e6a5\" data-element_type=\"container\" data-e-type=\"container\">\n\t\t\t\t\t<div class=\"e-con-inner\">\n\t\t\t\t<div class=\"elementor-element elementor-element-4b88fc2 elementor-view-default elementor-widget elementor-widget-icon\" data-id=\"4b88fc2\" data-element_type=\"widget\" data-e-type=\"widget\" data-widget_type=\"icon.default\">\n\t\t\t\t\t\t\t<div class=\"elementor-icon-wrapper\">\n\t\t\t<div class=\"elementor-icon\">\n\t\t\t<svg aria-hidden=\"true\" class=\"e-font-icon-svg e-fas-square\" viewBox=\"0 0 448 512\" xmlns=\"http:\/\/www.w3.org\/2000\/svg\"><path d=\"M400 32H48C21.5 32 0 53.5 0 80v352c0 26.5 21.5 48 48 48h352c26.5 0 48-21.5 48-48V80c0-26.5-21.5-48-48-48z\"><\/path><\/svg>\t\t\t<\/div>\n\t\t<\/div>\n\t\t\t\t\t\t<\/div>\n\t\t\t\t<div class=\"elementor-element elementor-element-b272419 elementor-widget elementor-widget-heading\" data-id=\"b272419\" data-element_type=\"widget\" data-e-type=\"widget\" data-widget_type=\"heading.default\">\n\t\t\t\t\t<h2 class=\"elementor-heading-title elementor-size-default\">Oddzia\u0142 Dolno\u015bl\u0105ski <\/h2>\t\t\t\t<\/div>\n\t\t\t\t\t<\/div>\n\t\t\t\t<\/div>\n\t\t<div class=\"elementor-element elementor-element-1803512 e-flex e-con-boxed e-con e-parent\" data-id=\"1803512\" data-element_type=\"container\" data-e-type=\"container\">\n\t\t\t\t\t<div class=\"e-con-inner\">\n\t\t\t\t<div class=\"elementor-element elementor-element-838f9e4 elementor-widget elementor-widget-text-editor\" data-id=\"838f9e4\" data-element_type=\"widget\" data-e-type=\"widget\" data-widget_type=\"text-editor.default\">\n\t\t\t\t\t\t\t\t\t<p><strong>Przewodnicz\u0105cy:<\/strong> Marcin Fr\u0105czek<\/p><p><strong>Sekretarz:<\/strong> Katarzyna Resler<\/p><p><strong>Skarbnik:<\/strong> Szczepan Barna\u015b<\/p><p><strong>Cz\u0142onek zarz\u0105du:<\/strong> Micha\u0142 Zieziula<\/p><p><strong>Cz\u0142onek zarz\u0105du:<\/strong> Mariusz Kiszka<\/p><p><strong>E-mail: <a href=\"mailto:orlwroclaw@gmail.com\">orlwroclaw@gmail.com<\/a><\/strong><\/p><p><strong>Strona Oddzia\u0142u: <a href=\"http:\/\/www.facebook.com\/groups\/785138172548141\" target=\"_blank\" rel=\"noopener\">www.facebook.com\/groups\/785138172548141<\/a><\/strong><\/p>\t\t\t\t\t\t\t\t<\/div>\n\t\t\t\t<div class=\"elementor-element elementor-element-58f722a elementor-widget elementor-widget-spacer\" data-id=\"58f722a\" data-element_type=\"widget\" data-e-type=\"widget\" data-widget_type=\"spacer.default\">\n\t\t\t\t\t\t\t<div class=\"elementor-spacer\">\n\t\t\t<div class=\"elementor-spacer-inner\"><\/div>\n\t\t<\/div>\n\t\t\t\t\t\t<\/div>\n\t\t\t\t\t<\/div>\n\t\t\t\t<\/div>\n\t\t\t\t<\/div>\n\t\t","protected":false},"excerpt":{"rendered":"<p>Oddzia\u0142 Dolno\u015bl\u0105ski Przewodnicz\u0105cy: Marcin Fr\u0105czek Sekretarz: Katarzyna Resler Skarbnik: Szczepan Barna\u015b Cz\u0142onek zarz\u0105du: Micha\u0142 Zieziula Cz\u0142onek zarz\u0105du: Mariusz Kiszka E-mail: orlwroclaw@gmail.com Strona Oddzia\u0142u: www.facebook.com\/groups\/785138172548141<\/p>\n","protected":false},"author":1,"featured_media":0,"parent":0,"menu_order":0,"comment_status":"closed","ping_status":"closed","template":"","meta":{"footnotes":""},"class_list":["post-723","page","type-page","status-publish","hentry"],"blocksy_meta":[],"_links":{"self":[{"href":"https:\/\/orlpoland.com\/index.php?rest_route=\/wp\/v2\/pages\/723","targetHints":{"allow":["GET"]}}],"collection":[{"href":"https:\/\/orlpoland.com\/index.php?rest_route=\/wp\/v2\/pages"}],"about":[{"href":"https:\/\/orlpoland.com\/index.php?rest_route=\/wp\/v2\/types\/page"}],"author":[{"embeddable":true,"href":"https:\/\/orlpoland.com\/index.php?rest_route=\/wp\/v2\/users\/1"}],"replies":[{"embeddable":true,"href":"https:\/\/orlpoland.com\/index.php?rest_route=%2Fwp%2Fv2%2Fcomments&post=723"}],"version-history":[{"count":7,"href":"https:\/\/orlpoland.com\/index.php?rest_route=\/wp\/v2\/pages\/723\/revisions"}],"predecessor-version":[{"id":1466,"href":"https:\/\/orlpoland.com\/index.php?rest_route=\/wp\/v2\/pages\/723\/revisions\/1466"}],"wp:attachment":[{"href":"https:\/\/orlpoland.com\/index.php?rest_route=%2Fwp%2Fv2%2Fmedia&parent=723"}],"curies":[{"name":"wp","href":"https:\/\/api.w.org\/{rel}","templated":true}]}}