{"id":698,"date":"2025-07-16T12:02:51","date_gmt":"2025-07-16T10:02:51","guid":{"rendered":"https:\/\/orlpoland.com\/?page_id=698"},"modified":"2025-09-05T12:04:34","modified_gmt":"2025-09-05T10:04:34","slug":"oddzial-gdanski-pomorski","status":"publish","type":"page","link":"https:\/\/orlpoland.com\/?page_id=698&lang=pl","title":{"rendered":"Oddzia\u0142 Gda\u0144ski (Pomorski)"},"content":{"rendered":"\t\t<div data-elementor-type=\"wp-page\" data-elementor-id=\"698\" class=\"elementor elementor-698\">\n\t\t\t\t<div class=\"elementor-element elementor-element-11f71d2 e-flex e-con-boxed e-con e-parent\" data-id=\"11f71d2\" data-element_type=\"container\" data-e-type=\"container\">\n\t\t\t\t\t<div class=\"e-con-inner\">\n\t\t\t\t<div class=\"elementor-element elementor-element-ff5e871 elementor-widget elementor-widget-spacer\" data-id=\"ff5e871\" data-element_type=\"widget\" data-e-type=\"widget\" data-widget_type=\"spacer.default\">\n\t\t\t\t\t\t\t<div class=\"elementor-spacer\">\n\t\t\t<div class=\"elementor-spacer-inner\"><\/div>\n\t\t<\/div>\n\t\t\t\t\t\t<\/div>\n\t\t\t\t\t<\/div>\n\t\t\t\t<\/div>\n\t\t<div class=\"elementor-element elementor-element-25755af e-flex e-con-boxed e-con e-parent\" data-id=\"25755af\" data-element_type=\"container\" data-e-type=\"container\">\n\t\t\t\t\t<div class=\"e-con-inner\">\n\t\t\t\t<div class=\"elementor-element elementor-element-5882db2 elementor-view-default elementor-widget elementor-widget-icon\" data-id=\"5882db2\" data-element_type=\"widget\" data-e-type=\"widget\" data-widget_type=\"icon.default\">\n\t\t\t\t\t\t\t<div class=\"elementor-icon-wrapper\">\n\t\t\t<div class=\"elementor-icon\">\n\t\t\t<svg aria-hidden=\"true\" class=\"e-font-icon-svg e-fas-square\" viewBox=\"0 0 448 512\" xmlns=\"http:\/\/www.w3.org\/2000\/svg\"><path d=\"M400 32H48C21.5 32 0 53.5 0 80v352c0 26.5 21.5 48 48 48h352c26.5 0 48-21.5 48-48V80c0-26.5-21.5-48-48-48z\"><\/path><\/svg>\t\t\t<\/div>\n\t\t<\/div>\n\t\t\t\t\t\t<\/div>\n\t\t\t\t<div class=\"elementor-element elementor-element-d712055 elementor-widget elementor-widget-heading\" data-id=\"d712055\" data-element_type=\"widget\" data-e-type=\"widget\" data-widget_type=\"heading.default\">\n\t\t\t\t\t<h2 class=\"elementor-heading-title elementor-size-default\">Oddzia\u0142 Gda\u0144ski (Pomorski)<\/h2>\t\t\t\t<\/div>\n\t\t\t\t\t<\/div>\n\t\t\t\t<\/div>\n\t\t<div class=\"elementor-element elementor-element-26bedc2 e-flex e-con-boxed e-con e-parent\" data-id=\"26bedc2\" data-element_type=\"container\" data-e-type=\"container\">\n\t\t\t\t\t<div class=\"e-con-inner\">\n\t\t\t\t<div class=\"elementor-element elementor-element-8dc281b elementor-widget elementor-widget-text-editor\" data-id=\"8dc281b\" data-element_type=\"widget\" data-e-type=\"widget\" data-widget_type=\"text-editor.default\">\n\t\t\t\t\t\t\t\t\t<p><strong>Przewodnicz\u0105cy:<\/strong> Bogus\u0142aw Mikaszewski<\/p><p><strong>Sekretarz:<\/strong> Tomasz Przewo\u017any<\/p><p><strong>Skarbnik:<\/strong> Dominik\u00a0 Stodulski<\/p><p><strong>Cz\u0142onek zarz\u0105du:<\/strong> Dmitry Tretiakow<\/p><p><strong>Cz\u0142onek zarz\u0105du:<\/strong> Joanna Cieszy\u0144ska<\/p><p><strong>E-mail:<\/strong> <strong><a href=\"mailto:ptol@gumed.edu.pl\">ptol@gumed.edu.pl<\/a><\/strong><\/p><p><strong>Strona Oddzia\u0142u: <a href=\"http:\/\/www.klorl.gumed.edu.pl\/PTOChGiS.htm\" target=\"_blank\" rel=\"noopener\">www.klorl.gumed.edu.pl\/PTOChGiS.htm<\/a><\/strong><\/p>\t\t\t\t\t\t\t\t<\/div>\n\t\t\t\t<div class=\"elementor-element elementor-element-bfb2102 elementor-widget elementor-widget-spacer\" data-id=\"bfb2102\" data-element_type=\"widget\" data-e-type=\"widget\" data-widget_type=\"spacer.default\">\n\t\t\t\t\t\t\t<div class=\"elementor-spacer\">\n\t\t\t<div class=\"elementor-spacer-inner\"><\/div>\n\t\t<\/div>\n\t\t\t\t\t\t<\/div>\n\t\t\t\t\t<\/div>\n\t\t\t\t<\/div>\n\t\t\t\t<\/div>\n\t\t","protected":false},"excerpt":{"rendered":"<p>Oddzia\u0142 Gda\u0144ski (Pomorski) Przewodnicz\u0105cy: Bogus\u0142aw Mikaszewski Sekretarz: Tomasz Przewo\u017any Skarbnik: Dominik\u00a0 Stodulski Cz\u0142onek zarz\u0105du: Dmitry Tretiakow Cz\u0142onek zarz\u0105du: Joanna Cieszy\u0144ska E-mail: ptol@gumed.edu.pl Strona Oddzia\u0142u: www.klorl.gumed.edu.pl\/PTOChGiS.htm<\/p>\n","protected":false},"author":1,"featured_media":0,"parent":0,"menu_order":0,"comment_status":"closed","ping_status":"closed","template":"","meta":{"footnotes":""},"class_list":["post-698","page","type-page","status-publish","hentry"],"blocksy_meta":[],"_links":{"self":[{"href":"https:\/\/orlpoland.com\/index.php?rest_route=\/wp\/v2\/pages\/698","targetHints":{"allow":["GET"]}}],"collection":[{"href":"https:\/\/orlpoland.com\/index.php?rest_route=\/wp\/v2\/pages"}],"about":[{"href":"https:\/\/orlpoland.com\/index.php?rest_route=\/wp\/v2\/types\/page"}],"author":[{"embeddable":true,"href":"https:\/\/orlpoland.com\/index.php?rest_route=\/wp\/v2\/users\/1"}],"replies":[{"embeddable":true,"href":"https:\/\/orlpoland.com\/index.php?rest_route=%2Fwp%2Fv2%2Fcomments&post=698"}],"version-history":[{"count":9,"href":"https:\/\/orlpoland.com\/index.php?rest_route=\/wp\/v2\/pages\/698\/revisions"}],"predecessor-version":[{"id":1660,"href":"https:\/\/orlpoland.com\/index.php?rest_route=\/wp\/v2\/pages\/698\/revisions\/1660"}],"wp:attachment":[{"href":"https:\/\/orlpoland.com\/index.php?rest_route=%2Fwp%2Fv2%2Fmedia&parent=698"}],"curies":[{"name":"wp","href":"https:\/\/api.w.org\/{rel}","templated":true}]}}