{"id":683,"date":"2025-07-16T11:54:01","date_gmt":"2025-07-16T09:54:01","guid":{"rendered":"https:\/\/orlpoland.com\/?page_id=683"},"modified":"2025-09-05T12:04:08","modified_gmt":"2025-09-05T10:04:08","slug":"oddzial-bydgoski-kujawsko-pomorski","status":"publish","type":"page","link":"https:\/\/orlpoland.com\/?page_id=683&lang=pl","title":{"rendered":"Oddzia\u0142 Bydgoski (Kujawsko-Pomorski)"},"content":{"rendered":"\t\t<div data-elementor-type=\"wp-page\" data-elementor-id=\"683\" class=\"elementor elementor-683\">\n\t\t\t\t<div class=\"elementor-element elementor-element-6953e0d e-flex e-con-boxed e-con e-parent\" data-id=\"6953e0d\" data-element_type=\"container\" data-e-type=\"container\">\n\t\t\t\t\t<div class=\"e-con-inner\">\n\t\t\t\t<div class=\"elementor-element elementor-element-bd941cc elementor-widget elementor-widget-spacer\" data-id=\"bd941cc\" data-element_type=\"widget\" data-e-type=\"widget\" data-widget_type=\"spacer.default\">\n\t\t\t\t\t\t\t<div class=\"elementor-spacer\">\n\t\t\t<div class=\"elementor-spacer-inner\"><\/div>\n\t\t<\/div>\n\t\t\t\t\t\t<\/div>\n\t\t\t\t\t<\/div>\n\t\t\t\t<\/div>\n\t\t<div class=\"elementor-element elementor-element-7efa6a6 e-flex e-con-boxed e-con e-parent\" data-id=\"7efa6a6\" data-element_type=\"container\" data-e-type=\"container\">\n\t\t\t\t\t<div class=\"e-con-inner\">\n\t\t\t\t<div class=\"elementor-element elementor-element-f644c1e elementor-view-default elementor-widget elementor-widget-icon\" data-id=\"f644c1e\" data-element_type=\"widget\" data-e-type=\"widget\" data-widget_type=\"icon.default\">\n\t\t\t\t\t\t\t<div class=\"elementor-icon-wrapper\">\n\t\t\t<div class=\"elementor-icon\">\n\t\t\t<svg aria-hidden=\"true\" class=\"e-font-icon-svg e-fas-square\" viewBox=\"0 0 448 512\" xmlns=\"http:\/\/www.w3.org\/2000\/svg\"><path d=\"M400 32H48C21.5 32 0 53.5 0 80v352c0 26.5 21.5 48 48 48h352c26.5 0 48-21.5 48-48V80c0-26.5-21.5-48-48-48z\"><\/path><\/svg>\t\t\t<\/div>\n\t\t<\/div>\n\t\t\t\t\t\t<\/div>\n\t\t\t\t<div class=\"elementor-element elementor-element-fea504e elementor-widget elementor-widget-heading\" data-id=\"fea504e\" data-element_type=\"widget\" data-e-type=\"widget\" data-widget_type=\"heading.default\">\n\t\t\t\t\t<h2 class=\"elementor-heading-title elementor-size-default\">Oddzia\u0142 Bydgoski (Kujawsko-Pomorski)  <\/h2>\t\t\t\t<\/div>\n\t\t\t\t\t<\/div>\n\t\t\t\t<\/div>\n\t\t<div class=\"elementor-element elementor-element-02c8d1e e-flex e-con-boxed e-con e-parent\" data-id=\"02c8d1e\" data-element_type=\"container\" data-e-type=\"container\">\n\t\t\t\t\t<div class=\"e-con-inner\">\n\t\t\t\t<div class=\"elementor-element elementor-element-0058274 elementor-widget elementor-widget-text-editor\" data-id=\"0058274\" data-element_type=\"widget\" data-e-type=\"widget\" data-widget_type=\"text-editor.default\">\n\t\t\t\t\t\t\t\t\t<p><strong>Przewodnicz\u0105cy:<\/strong> Hanna Mackiewicz-Nartowicz<\/p><p><strong>Sekretarz:<\/strong> B\u0142a\u017cej Grze\u015bkowiak<\/p><p><strong>Skarbnik:<\/strong> Ma\u0142gorzata Wierzchowska<\/p><p><strong>Cz\u0142onek zarz\u0105du:<\/strong> Pawe\u0142 Burduk<\/p><p><strong>Cz\u0142onek zarz\u0105du:<\/strong> Maciej Wr\u00f3bel<\/p>\t\t\t\t\t\t\t\t<\/div>\n\t\t\t\t<div class=\"elementor-element elementor-element-1a71e63 elementor-widget elementor-widget-spacer\" data-id=\"1a71e63\" data-element_type=\"widget\" data-e-type=\"widget\" data-widget_type=\"spacer.default\">\n\t\t\t\t\t\t\t<div class=\"elementor-spacer\">\n\t\t\t<div class=\"elementor-spacer-inner\"><\/div>\n\t\t<\/div>\n\t\t\t\t\t\t<\/div>\n\t\t\t\t\t<\/div>\n\t\t\t\t<\/div>\n\t\t\t\t<\/div>\n\t\t","protected":false},"excerpt":{"rendered":"<p>Oddzia\u0142 Bydgoski (Kujawsko-Pomorski) Przewodnicz\u0105cy: Hanna Mackiewicz-Nartowicz Sekretarz: B\u0142a\u017cej Grze\u015bkowiak Skarbnik: Ma\u0142gorzata Wierzchowska Cz\u0142onek zarz\u0105du: Pawe\u0142 Burduk Cz\u0142onek zarz\u0105du: Maciej Wr\u00f3bel<\/p>\n","protected":false},"author":1,"featured_media":0,"parent":0,"menu_order":0,"comment_status":"closed","ping_status":"closed","template":"","meta":{"footnotes":""},"class_list":["post-683","page","type-page","status-publish","hentry"],"blocksy_meta":[],"_links":{"self":[{"href":"https:\/\/orlpoland.com\/index.php?rest_route=\/wp\/v2\/pages\/683","targetHints":{"allow":["GET"]}}],"collection":[{"href":"https:\/\/orlpoland.com\/index.php?rest_route=\/wp\/v2\/pages"}],"about":[{"href":"https:\/\/orlpoland.com\/index.php?rest_route=\/wp\/v2\/types\/page"}],"author":[{"embeddable":true,"href":"https:\/\/orlpoland.com\/index.php?rest_route=\/wp\/v2\/users\/1"}],"replies":[{"embeddable":true,"href":"https:\/\/orlpoland.com\/index.php?rest_route=%2Fwp%2Fv2%2Fcomments&post=683"}],"version-history":[{"count":9,"href":"https:\/\/orlpoland.com\/index.php?rest_route=\/wp\/v2\/pages\/683\/revisions"}],"predecessor-version":[{"id":1659,"href":"https:\/\/orlpoland.com\/index.php?rest_route=\/wp\/v2\/pages\/683\/revisions\/1659"}],"wp:attachment":[{"href":"https:\/\/orlpoland.com\/index.php?rest_route=%2Fwp%2Fv2%2Fmedia&parent=683"}],"curies":[{"name":"wp","href":"https:\/\/api.w.org\/{rel}","templated":true}]}}