{"id":675,"date":"2025-07-16T11:48:15","date_gmt":"2025-07-16T09:48:15","guid":{"rendered":"https:\/\/orlpoland.com\/?page_id=675"},"modified":"2025-09-05T12:03:56","modified_gmt":"2025-09-05T10:03:56","slug":"oddzial-bialostocki-podlaski","status":"publish","type":"page","link":"https:\/\/orlpoland.com\/?page_id=675&lang=pl","title":{"rendered":"Oddzia\u0142 Bia\u0142ostocki (Podlaski)"},"content":{"rendered":"\t\t<div data-elementor-type=\"wp-page\" data-elementor-id=\"675\" class=\"elementor elementor-675\">\n\t\t\t\t<div class=\"elementor-element elementor-element-ed14bc7 e-flex e-con-boxed e-con e-parent\" data-id=\"ed14bc7\" data-element_type=\"container\" data-e-type=\"container\">\n\t\t\t\t\t<div class=\"e-con-inner\">\n\t\t\t\t<div class=\"elementor-element elementor-element-585e98d elementor-widget elementor-widget-spacer\" data-id=\"585e98d\" data-element_type=\"widget\" data-e-type=\"widget\" data-widget_type=\"spacer.default\">\n\t\t\t\t\t\t\t<div class=\"elementor-spacer\">\n\t\t\t<div class=\"elementor-spacer-inner\"><\/div>\n\t\t<\/div>\n\t\t\t\t\t\t<\/div>\n\t\t\t\t\t<\/div>\n\t\t\t\t<\/div>\n\t\t<div class=\"elementor-element elementor-element-7c7af3e e-flex e-con-boxed e-con e-parent\" data-id=\"7c7af3e\" data-element_type=\"container\" data-e-type=\"container\">\n\t\t\t\t\t<div class=\"e-con-inner\">\n\t\t\t\t<div class=\"elementor-element elementor-element-1d6c945 elementor-view-default elementor-widget elementor-widget-icon\" data-id=\"1d6c945\" data-element_type=\"widget\" data-e-type=\"widget\" data-widget_type=\"icon.default\">\n\t\t\t\t\t\t\t<div class=\"elementor-icon-wrapper\">\n\t\t\t<div class=\"elementor-icon\">\n\t\t\t<svg aria-hidden=\"true\" class=\"e-font-icon-svg e-fas-square\" viewBox=\"0 0 448 512\" xmlns=\"http:\/\/www.w3.org\/2000\/svg\"><path d=\"M400 32H48C21.5 32 0 53.5 0 80v352c0 26.5 21.5 48 48 48h352c26.5 0 48-21.5 48-48V80c0-26.5-21.5-48-48-48z\"><\/path><\/svg>\t\t\t<\/div>\n\t\t<\/div>\n\t\t\t\t\t\t<\/div>\n\t\t\t\t<div class=\"elementor-element elementor-element-797dda3 elementor-widget elementor-widget-heading\" data-id=\"797dda3\" data-element_type=\"widget\" data-e-type=\"widget\" data-widget_type=\"heading.default\">\n\t\t\t\t\t<h2 class=\"elementor-heading-title elementor-size-default\">Oddzia\u0142 Bia\u0142ostocki (Podlaski)<\/h2>\t\t\t\t<\/div>\n\t\t\t\t\t<\/div>\n\t\t\t\t<\/div>\n\t\t<div class=\"elementor-element elementor-element-d2102c6 e-flex e-con-boxed e-con e-parent\" data-id=\"d2102c6\" data-element_type=\"container\" data-e-type=\"container\">\n\t\t\t\t\t<div class=\"e-con-inner\">\n\t\t\t\t<div class=\"elementor-element elementor-element-abdcb33 elementor-widget elementor-widget-text-editor\" data-id=\"abdcb33\" data-element_type=\"widget\" data-e-type=\"widget\" data-widget_type=\"text-editor.default\">\n\t\t\t\t\t\t\t\t\t<p><strong>Przewodnicz\u0105cy:<\/strong>\u00a0 Marek Rogowski<\/p><p><strong>Sekretarz:<\/strong>\u00a0Pawe\u0142 Onopiuk<\/p><p><strong>Skarbnik:<\/strong>\u00a0Justyna Rutkowska<\/p><p><strong>Cz\u0142onek zarz\u0105du:<\/strong>\u00a0Pawe\u0142 Bielecki<\/p><p><strong>Cz\u0142onek zarz\u0105du:<\/strong>\u00a0 Jolanta Biszewska<\/p>\t\t\t\t\t\t\t\t<\/div>\n\t\t\t\t<div class=\"elementor-element elementor-element-48647e6 elementor-widget elementor-widget-spacer\" data-id=\"48647e6\" data-element_type=\"widget\" data-e-type=\"widget\" data-widget_type=\"spacer.default\">\n\t\t\t\t\t\t\t<div class=\"elementor-spacer\">\n\t\t\t<div class=\"elementor-spacer-inner\"><\/div>\n\t\t<\/div>\n\t\t\t\t\t\t<\/div>\n\t\t\t\t\t<\/div>\n\t\t\t\t<\/div>\n\t\t\t\t<\/div>\n\t\t","protected":false},"excerpt":{"rendered":"<p>Oddzia\u0142 Bia\u0142ostocki (Podlaski) Przewodnicz\u0105cy:\u00a0 Marek Rogowski Sekretarz:\u00a0Pawe\u0142 Onopiuk Skarbnik:\u00a0Justyna Rutkowska Cz\u0142onek zarz\u0105du:\u00a0Pawe\u0142 Bielecki Cz\u0142onek zarz\u0105du:\u00a0 Jolanta Biszewska<\/p>\n","protected":false},"author":1,"featured_media":0,"parent":0,"menu_order":0,"comment_status":"closed","ping_status":"closed","template":"","meta":{"footnotes":""},"class_list":["post-675","page","type-page","status-publish","hentry"],"blocksy_meta":[],"_links":{"self":[{"href":"https:\/\/orlpoland.com\/index.php?rest_route=\/wp\/v2\/pages\/675","targetHints":{"allow":["GET"]}}],"collection":[{"href":"https:\/\/orlpoland.com\/index.php?rest_route=\/wp\/v2\/pages"}],"about":[{"href":"https:\/\/orlpoland.com\/index.php?rest_route=\/wp\/v2\/types\/page"}],"author":[{"embeddable":true,"href":"https:\/\/orlpoland.com\/index.php?rest_route=\/wp\/v2\/users\/1"}],"replies":[{"embeddable":true,"href":"https:\/\/orlpoland.com\/index.php?rest_route=%2Fwp%2Fv2%2Fcomments&post=675"}],"version-history":[{"count":6,"href":"https:\/\/orlpoland.com\/index.php?rest_route=\/wp\/v2\/pages\/675\/revisions"}],"predecessor-version":[{"id":1658,"href":"https:\/\/orlpoland.com\/index.php?rest_route=\/wp\/v2\/pages\/675\/revisions\/1658"}],"wp:attachment":[{"href":"https:\/\/orlpoland.com\/index.php?rest_route=%2Fwp%2Fv2%2Fmedia&parent=675"}],"curies":[{"name":"wp","href":"https:\/\/api.w.org\/{rel}","templated":true}]}}