{"id":576,"date":"2025-07-15T14:34:28","date_gmt":"2025-07-15T12:34:28","guid":{"rendered":"https:\/\/orlpoland.com\/?page_id=576"},"modified":"2025-10-10T10:28:11","modified_gmt":"2025-10-10T08:28:11","slug":"uchwaly","status":"publish","type":"page","link":"https:\/\/orlpoland.com\/?page_id=576&lang=pl","title":{"rendered":"Uchwa\u0142y"},"content":{"rendered":"\t\t<div data-elementor-type=\"wp-page\" data-elementor-id=\"576\" class=\"elementor elementor-576\">\n\t\t\t\t<div class=\"elementor-element elementor-element-d6bf75a e-flex e-con-boxed e-con e-parent\" data-id=\"d6bf75a\" data-element_type=\"container\" data-e-type=\"container\">\n\t\t\t\t\t<div class=\"e-con-inner\">\n\t\t\t\t<div class=\"elementor-element elementor-element-c437cd6 elementor-widget elementor-widget-spacer\" data-id=\"c437cd6\" data-element_type=\"widget\" data-e-type=\"widget\" data-widget_type=\"spacer.default\">\n\t\t\t\t\t\t\t<div class=\"elementor-spacer\">\n\t\t\t<div class=\"elementor-spacer-inner\"><\/div>\n\t\t<\/div>\n\t\t\t\t\t\t<\/div>\n\t\t\t\t<div class=\"elementor-element elementor-element-8740d12 content-align-cta-center elementor-widget elementor-widget-eael-cta-box\" data-id=\"8740d12\" data-element_type=\"widget\" data-e-type=\"widget\" data-widget_type=\"eael-cta-box.default\">\n\t\t\t\t\t\t\t<div class=\"eael-call-to-action cta-basic bg-img cta-preset-1\">\n        <h2 class=\"title eael-cta-heading\">Strona w trakcie aktualizacji<\/h2><a href=\"https:\/\/orlpoland.com\/?page_id=451&#038;lang=pl\" class=\"cta-button cta-preset-1  \">Powr\u00f3t na Stron\u0119 G\u0142\u00f3wn\u0105<\/a>\t<\/div>\n\t\t\t\t\t\t\t\t<\/div>\n\t\t\t\t<div class=\"elementor-element elementor-element-ee8b6d5 elementor-widget elementor-widget-spacer\" data-id=\"ee8b6d5\" data-element_type=\"widget\" data-e-type=\"widget\" data-widget_type=\"spacer.default\">\n\t\t\t\t\t\t\t<div class=\"elementor-spacer\">\n\t\t\t<div class=\"elementor-spacer-inner\"><\/div>\n\t\t<\/div>\n\t\t\t\t\t\t<\/div>\n\t\t\t\t\t<\/div>\n\t\t\t\t<\/div>\n\t\t<div class=\"elementor-element elementor-element-a2b1ec4 e-flex e-con-boxed e-con e-parent\" data-id=\"a2b1ec4\" data-element_type=\"container\" data-e-type=\"container\">\n\t\t\t\t\t<div class=\"e-con-inner\">\n\t\t\t\t<div class=\"elementor-element elementor-element-d2921e6 elementor-widget elementor-widget-spacer\" data-id=\"d2921e6\" data-element_type=\"widget\" data-e-type=\"widget\" data-widget_type=\"spacer.default\">\n\t\t\t\t\t\t\t<div class=\"elementor-spacer\">\n\t\t\t<div class=\"elementor-spacer-inner\"><\/div>\n\t\t<\/div>\n\t\t\t\t\t\t<\/div>\n\t\t\t\t\t<\/div>\n\t\t\t\t<\/div>\n\t\t<div class=\"elementor-element elementor-element-dfe0f26 e-flex e-con-boxed e-con e-parent\" data-id=\"dfe0f26\" data-element_type=\"container\" data-e-type=\"container\">\n\t\t\t\t\t<div class=\"e-con-inner\">\n\t\t\t\t<div class=\"elementor-element elementor-element-353f40d elementor-view-default elementor-widget elementor-widget-icon\" data-id=\"353f40d\" data-element_type=\"widget\" data-e-type=\"widget\" data-widget_type=\"icon.default\">\n\t\t\t\t\t\t\t<div class=\"elementor-icon-wrapper\">\n\t\t\t<div class=\"elementor-icon\">\n\t\t\t<svg aria-hidden=\"true\" class=\"e-font-icon-svg e-fas-square\" viewBox=\"0 0 448 512\" xmlns=\"http:\/\/www.w3.org\/2000\/svg\"><path d=\"M400 32H48C21.5 32 0 53.5 0 80v352c0 26.5 21.5 48 48 48h352c26.5 0 48-21.5 48-48V80c0-26.5-21.5-48-48-48z\"><\/path><\/svg>\t\t\t<\/div>\n\t\t<\/div>\n\t\t\t\t\t\t<\/div>\n\t\t\t\t<div class=\"elementor-element elementor-element-5f211b6 elementor-widget elementor-widget-heading\" data-id=\"5f211b6\" data-element_type=\"widget\" data-e-type=\"widget\" data-widget_type=\"heading.default\">\n\t\t\t\t\t<h2 class=\"elementor-heading-title elementor-size-default\">UCHWA\u0141Y<\/h2>\t\t\t\t<\/div>\n\t\t\t\t\t<\/div>\n\t\t\t\t<\/div>\n\t\t<div class=\"elementor-element elementor-element-2bd0fc9 e-flex e-con-boxed e-con e-parent\" data-id=\"2bd0fc9\" data-element_type=\"container\" data-e-type=\"container\">\n\t\t\t\t\t<div class=\"e-con-inner\">\n\t\t\t\t<div class=\"elementor-element elementor-element-f334a3f elementor-widget elementor-widget-text-editor\" data-id=\"f334a3f\" data-element_type=\"widget\" data-e-type=\"widget\" data-widget_type=\"text-editor.default\">\n\t\t\t\t\t\t\t\t\t&nbsp;\n<table style=\"height: 3386px;\" width=\"649\" cellspacing=\"2\" cellpadding=\"2\">\n<tbody>\n<tr>\n<td valign=\"top\"><B>DATA<\/B><\/td>\n<td valign=\"top\"><B>W SPRAWIE&#8230;<\/B><\/td>\n<\/tr>\n<tr>\n<td valign=\"top\">2022-10-10<\/td>\n<td valign=\"top\"><a class=\"link\" href=\"https:\/\/orlpoland.com\/wp-content\/uploads\/2025\/10\/2022-10-10-wysokosci-skladki.pdf\" target=\"_blank\" rel=\"noopener\">ustalenia wysoko\u015bci sk\u0142adki cz\u0142onkowskiej i op\u0142aty za prenumerat\u0119 czasopism Otolaryngologia Polska i Polski Przegl\u0105d Otorynolaryngologiczny<\/a><\/td>\n<\/tr>\n<tr>\n<td valign=\"top\">2022-10-10<\/td>\n<td valign=\"top\"><a class=\"link\" href=\"http:\/\/www.otolaryngologia.org.pl\/orl2\/pdf\/uchwaly\/2022-10-10-podpisanie-umowy\" target=\"_blank\" rel=\"noopener\">podpisania umowy na wydawanie organ\u00f3w Zarz\u0105du G\u0142\u00f3wnego Otolaryngologii Polskiej i Polskiego Przegl\u0105du Otorynolaryngologicznego<\/a><\/td>\n<\/tr>\n<tr>\n<td valign=\"top\">2022-03-09<\/td>\n<td valign=\"top\"><a class=\"link\" href=\"https:\/\/orlpoland.com\/wp-content\/uploads\/2025\/10\/2022-03-09-wnioski-o-nagrode-naukowa.pdf\" target=\"_blank\" rel=\"noopener\">wniosk\u00f3w Koleg\u00f3w o Nagrod\u0119 Naukow\u0105 im. Prof. Jana Miodo\u0144skiego<\/a><\/td>\n<\/tr>\n<tr>\n<td valign=\"top\">2022-03-09<\/td>\n<td valign=\"top\"><a class=\"link\" href=\"https:\/\/orlpoland.com\/wp-content\/uploads\/2025\/10\/2022-03-09-wypowiedzenie-umowy.pdf\" target=\"_blank\" rel=\"noopener\">wypowiedzenia umowy firmie Index Copernicus sp. z o.o.<\/a><\/td>\n<\/tr>\n<tr>\n<td valign=\"top\">2022-02-02<\/td>\n<td valign=\"top\"><a class=\"link\" href=\"https:\/\/orlpoland.com\/wp-content\/uploads\/2025\/10\/2022-02-02-ogloszenie-konkursu-ofert.pdf\" target=\"_blank\" rel=\"noopener\">og\u0142oszenia konkursu ofert i powo\u0142ania Komisji Konkursowej<\/a><\/td>\n<\/tr>\n<tr>\n<td valign=\"top\">2022-02-02<\/td>\n<td valign=\"top\"><a class=\"link\" href=\"https:\/\/orlpoland.com\/wp-content\/uploads\/2025\/10\/2022-02-02-termin-zebrania-sprawozdawczo-wyborczego.pdf\" target=\"_blank\" rel=\"noopener\">terminu zebrania sprawozdawczo-wyborczego w Oddzia\u0142ach Towarzystwa<\/a><\/td>\n<\/tr>\n<tr>\n<td valign=\"top\">2022-01-28<\/td>\n<td valign=\"top\"><a class=\"link\" href=\"https:\/\/orlpoland.com\/wp-content\/uploads\/2025\/10\/2022-01-28-nagroda-miodonskiego.pdf\" target=\"_blank\" rel=\"noopener\">Nagrody im. Jana Miodo\u0144skiego<\/a><\/td>\n<\/tr>\n<tr>\n<td valign=\"top\">2021-12-17<\/td>\n<td valign=\"top\"><a class=\"link\" href=\"https:\/\/orlpoland.com\/wp-content\/uploads\/2025\/10\/2021-12-17-list-do-mz.pdf\" target=\"_blank\" rel=\"noopener\">wystosowania listu do Ministra Zdrowia<\/a><\/td>\n<\/tr>\n<tr>\n<td valign=\"top\">2021-12-17<\/td>\n<td valign=\"top\"><a class=\"link\" href=\"https:\/\/orlpoland.com\/wp-content\/uploads\/2025\/10\/2021-12-17-kandydatura-na-czlonka-honorowego.pdf\" target=\"_blank\" rel=\"noopener\">zg\u0142oszenia kandydatury prof. Jaros\u0142awa Markowskiego o nadanie Cz\u0142onka Honorowego<\/a><\/td>\n<\/tr>\n<tr>\n<td valign=\"top\">2021-09-30<\/td>\n<td valign=\"top\"><a class=\"link\" href=\"https:\/\/orlpoland.com\/wp-content\/uploads\/2025\/10\/2021-09-30-powolanie-przewodniczacego-rady.pdf\" target=\"_blank\" rel=\"noopener\">powo\u0142ania Przewodnicz\u0105cego Rady Kierownik\u00f3w Klinik<\/a><\/td>\n<\/tr>\n<tr>\n<td valign=\"top\">2021-08-30<\/td>\n<td valign=\"top\"><a class=\"link\" href=\"https:\/\/orlpoland.com\/wp-content\/uploads\/2025\/10\/2021-08-30-kandydaci-na-konsultantow-krajowych.pdf\" target=\"_blank\" rel=\"noopener\">kandydat\u00f3w na Konsultant\u00f3w krajowych w dziedzinie Otorynolaryngologii i Otorynolaryngologii Dzieci\u0119cej<\/a><\/td>\n<\/tr>\n<tr>\n<td valign=\"top\">2021-03-26<\/td>\n<td valign=\"top\"><a class=\"link\" href=\"https:\/\/orlpoland.com\/wp-content\/uploads\/2025\/10\/2021-03-26-wydanie-jubileuszowego-medalu.pdf\" target=\"_blank\" rel=\"noopener\">wydania jubileuszowego medalu z okazji 100-lecia PTORL ChGiSz<\/a><\/td>\n<\/tr>\n<tr>\n<td valign=\"top\">2020-12-22<\/td>\n<td valign=\"top\"><a class=\"link\" href=\"https:\/\/orlpoland.com\/wp-content\/uploads\/2025\/10\/2020-12-22-powolanie-kolegium-naukowego.pdf\" target=\"_blank\" rel=\"noopener\">powo\u0142ania Kolegium Naukowego 50. Zjazdu PTORL ChGiSz<\/a><\/td>\n<\/tr>\n<tr>\n<td valign=\"top\">2016-12-01<\/td>\n<td valign=\"top\"><a class=\"link\" href=\"https:\/\/orlpoland.com\/wp-content\/uploads\/2025\/10\/2016_12_01_oplacanie_skladek_ifos_eufos_eums.pdf\" target=\"_blank\" rel=\"noopener\">op\u0142acania sk\u0142adek cz\u0142onkowskich EUFOS, IFOS, EUMS<\/a><\/td>\n<\/tr>\n<tr>\n<td valign=\"top\">2016-12-01<\/td>\n<td valign=\"top\"><a class=\"link\" href=\"https:\/\/orlpoland.com\/wp-content\/uploads\/2025\/10\/2016_12_01_oplaty_za_uczestnictwo_w_zjazdach.pdf\" target=\"_blank\" rel=\"noopener\">op\u0142at zwi\u0105zanych z uczestnictwem w zjazdach i konferencjach organizowanych pod patronatem PTORL dla cz\u0142onk\u00f3w towarzystwa i os\u00f3b nieop\u0142acaj\u0105cych sk\u0142adek<\/a><\/td>\n<\/tr>\n<tr>\n<td valign=\"top\">2016-06-15<\/td>\n<td valign=\"top\"><a class=\"link\" href=\"https:\/\/orlpoland.com\/wp-content\/uploads\/2025\/10\/2016_06_15_zatwierdzenie_zysku.pdf\" target=\"_blank\" rel=\"noopener\">zatwierdzenia zysku finansowego Towarzystwa<\/a><\/td>\n<\/tr>\n<tr>\n<td valign=\"top\">2016-05-09<\/td>\n<td valign=\"top\"><a class=\"link\" href=\"https:\/\/orlpoland.com\/wp-content\/uploads\/2025\/10\/2016_05_09_egzekwowanie_oplat_czlonkowskich.pdf\" target=\"_blank\" rel=\"noopener\">egzekwowania op\u0142at cz\u0142onkowskich przez cz\u0142onk\u00f3w PTORL ChGiSz<\/a><\/td>\n<\/tr>\n<tr>\n<td valign=\"top\">2015-06-15<\/td>\n<td valign=\"top\"><a class=\"link\" href=\"https:\/\/orlpoland.com\/wp-content\/uploads\/2025\/10\/2015_06_15_oplata_umcs.pdf\" target=\"_blank\" rel=\"noopener\">op\u0142aty cz\u0142onkowskiej<\/a><\/td>\n<\/tr>\n<tr>\n<td valign=\"top\">2015-03-20<\/td>\n<td valign=\"top\"><a class=\"link\" href=\"https:\/\/orlpoland.com\/wp-content\/uploads\/2025\/10\/2015_03_20_dofinansowanie_47zjazd.pdf\" target=\"_blank\" rel=\"noopener\">przekazania \u015brodk\u00f3w finansowych na dofinansowanie organizacji 47. Zjazdu PTORL<\/a><\/td>\n<\/tr>\n<tr>\n<td valign=\"top\">2015-03-20<\/td>\n<td valign=\"top\"><a class=\"link\" href=\"https:\/\/orlpoland.com\/wp-content\/uploads\/2025\/10\/2015_03_20_dofinansowanie_neurootologia.pdf\" target=\"_blank\" rel=\"noopener\">przekazania \u015brodk\u00f3w finansowych na organizacj\u0119 Konferencji Neurootologicznej<\/a><\/td>\n<\/tr>\n<tr>\n<td valign=\"top\">2014-09-03<\/td>\n<td valign=\"top\"><a class=\"link\" href=\"https:\/\/orlpoland.com\/wp-content\/uploads\/2025\/10\/2014_09_03_zatwierdzenie_zysku.pdf\" target=\"_blank\" rel=\"noopener\">zatwierdzenia narastaj\u0105cego zysku<\/a><\/td>\n<\/tr>\n<tr>\n<td valign=\"top\">2014-05-15<\/td>\n<td valign=\"top\"><a class=\"link\" href=\"https:\/\/orlpoland.com\/wp-content\/uploads\/2025\/10\/2014_05_15_uchwala_zg_zmiana_wydawcy.pdf\" target=\"_blank\" rel=\"noopener\">zmiany wydawnictwa wsp\u00f3\u0142pracuj\u0105cego przy wydawaniu czasopism PTORL<\/a><\/td>\n<\/tr>\n<tr>\n<td valign=\"top\">2014-05-15<\/td>\n<td valign=\"top\"><a class=\"link\" href=\"https:\/\/orlpoland.com\/wp-content\/uploads\/2025\/10\/2014_05_15_uchwala_zg_akceptacja_nowego_statutu.pdf\" target=\"_blank\" rel=\"noopener\">nowego Statutu<\/a><\/td>\n<\/tr>\n<tr>\n<td valign=\"top\">2013-12-05<\/td>\n<td valign=\"top\"><a class=\"link\" href=\"https:\/\/orlpoland.com\/wp-content\/uploads\/2025\/10\/2013_12_05_uchwala_zg_organizacja_47zjazd.pdf\" target=\"_blank\" rel=\"noopener\">organizacji 47. Zjazdu PTORL ChGiSz<\/a><\/td>\n<\/tr>\n<tr>\n<td valign=\"top\">2013-12-05<\/td>\n<td valign=\"top\"><a class=\"link\" href=\"https:\/\/orlpoland.com\/wp-content\/uploads\/2025\/10\/2013_12_05_uchwala_zg_konkurs_wydawanie_czasopism.pdf\" target=\"_blank\" rel=\"noopener\">konkursu ofert na wydawania czasopism PTORL ChGiSz<\/a><\/td>\n<\/tr>\n<tr>\n<td valign=\"top\">2013-03-15<\/td>\n<td valign=\"top\"><a class=\"link\" href=\"https:\/\/orlpoland.com\/wp-content\/uploads\/2025\/10\/2013_03_15_uchwala_zg_czlonkowie_wspierajacy.pdf\" target=\"_blank\" rel=\"noopener\">cz\u0142onk\u00f3w wspieraj\u0105cych<\/a><\/td>\n<\/tr>\n<tr>\n<td valign=\"top\">2012-11-28<\/td>\n<td valign=\"top\"><a class=\"link\" href=\"https:\/\/orlpoland.com\/wp-content\/uploads\/2025\/10\/2012_11_28_dysponowanie_rachunkiem_bankowym.pdf\" target=\"_blank\" rel=\"noopener\">upowa\u017cnienia Zarz\u0105d\u00f3w Oddzia\u0142\u00f3w (Dolno\u015bl\u0105skiego i Mazowieckiego) Polskiego Towarzystwa Otorynolaryngolog\u00f3w Chirurg\u00f3w G\u0142owy i Szyi do dysponowania rachunkiem bankowym oraz sk\u0142adania o\u015bwiadcze\u0144 w zakresie obowi\u0105zk\u00f3w maj\u0105tkowych Oddzia\u0142\u00f3w<\/a><\/td>\n<\/tr>\n<tr>\n<td valign=\"top\">2012-10-18<\/td>\n<td valign=\"top\"><a class=\"link\" href=\"https:\/\/orlpoland.com\/wp-content\/uploads\/2025\/10\/2012_10_18_uchwala_podwyzszenie_oplat.pdf\" target=\"_blank\" rel=\"noopener\">podwy\u017cszenia op\u0142at za prenumerat\u0119\u00a0<i>Otolaryngologii Polskiej<\/i>\u00a0oraz\u00a0<i>Polskiego Przegl\u0105du Otorynolaryngologicznego<\/i><\/a><\/td>\n<\/tr>\n<tr>\n<td valign=\"top\">2012-03-12<\/td>\n<td valign=\"top\"><a class=\"link\" href=\"https:\/\/orlpoland.com\/wp-content\/uploads\/2025\/10\/2012_03_12_uchwala_zg_nowy_statut.pdf\" target=\"_blank\" rel=\"noopener\">ustalenia i og\u0142oszenia jednolitego tekstu Statutu<\/a><\/td>\n<\/tr>\n<tr>\n<td valign=\"top\">2011-11-17<\/td>\n<td valign=\"top\"><a class=\"link\" href=\"https:\/\/orlpoland.com\/wp-content\/uploads\/2025\/10\/2011_11_17_uchwala_zg_nowe_kierunki_nauczania.pdf\" target=\"_blank\" rel=\"noopener\">informacji o nowych kierunkach nauczania<\/a><\/td>\n<\/tr>\n<tr>\n<td valign=\"top\">2011-09-22<\/td>\n<td valign=\"top\"><a class=\"link\" href=\"https:\/\/orlpoland.com\/wp-content\/uploads\/2025\/10\/2011_09_22_uchwala_zg_apel_nfz.pdf\" target=\"_blank\" rel=\"noopener\">wystosowania do Centrali NFZ apelu o dodanie mo\u017cliwo\u015bci rozlicze\u0144 procedur ambulatoryjnych i hospitalizacyjnych<\/a><\/td>\n<\/tr>\n<tr>\n<td valign=\"top\">2011-09-22<\/td>\n<td valign=\"top\"><a class=\"link\" href=\"https:\/\/orlpoland.com\/wp-content\/uploads\/2025\/10\/2011_09_22_uchwala_zg_weryfikacja_specjalizujacych.pdf\" target=\"_blank\" rel=\"noopener\">weryfikacji specjalizuj\u0105cych si\u0119<\/a><\/td>\n<\/tr>\n<tr>\n<td valign=\"top\">2011-09-22<\/td>\n<td valign=\"top\"><a class=\"link\" href=\"https:\/\/orlpoland.com\/wp-content\/uploads\/2025\/10\/2011_09_22_uchwala_zg_rozszerzenie_szkolenia_aif.pdf\" target=\"_blank\" rel=\"noopener\">rozszerzenia mo\u017cliwo\u015bci pe\u0142nego szkolenia z audiologii i foniatrii<\/a><\/td>\n<\/tr>\n<tr>\n<td valign=\"top\">2011-09-22<\/td>\n<td valign=\"top\"><a class=\"link\" href=\"https:\/\/orlpoland.com\/wp-content\/uploads\/2025\/10\/2011_09_22_uchwala_zg_zmiana_kadencji_rn_ppo.pdf\" target=\"_blank\" rel=\"noopener\">zmiany kadencji Redaktora Naczelnego &#8220;Polskiego Przegl\u0105du Otorynolaryngologicznego&#8221;<\/a><\/td>\n<\/tr>\n<tr>\n<td valign=\"top\">2011-03-25<\/td>\n<td valign=\"top\"><a class=\"link\" href=\"https:\/\/orlpoland.com\/wp-content\/uploads\/2025\/10\/2011_03_25_uchwala_zg_podwyzszenie_oplaty_otolaryngolpol.pdf\" target=\"_blank\" rel=\"noopener\">podwy\u017cszenia op\u0142aty za prenumerat\u0119 &#8220;Otolaryngologii Polskiej&#8221;<\/a><\/td>\n<\/tr>\n<tr>\n<td valign=\"top\">2011-03-25<\/td>\n<td valign=\"top\"><a class=\"link\" href=\"https:\/\/orlpoland.com\/wp-content\/uploads\/2025\/10\/2011_03_25_uchwala_zg_powolanie_ppo.pdf\" target=\"_blank\" rel=\"noopener\">powo\u0142ania nowego periodyku &#8220;Polski Przegl\u0105d Otorynolaryngologiczny&#8221;<\/a><\/td>\n<\/tr>\n<tr>\n<td valign=\"top\">2011-03-25<\/td>\n<td valign=\"top\"><a class=\"link\" href=\"https:\/\/orlpoland.com\/wp-content\/uploads\/2025\/10\/2011_03_25_uchwala_zg_spotkania_nowi_kierownicy_klinik.pdf\" target=\"_blank\" rel=\"noopener\">spotka\u0144 ZG w nowymi Kierownikami Klinik<\/a><\/td>\n<\/tr>\n<tr>\n<td valign=\"top\">2011-03-25<\/td>\n<td valign=\"top\"><a class=\"link\" href=\"https:\/\/orlpoland.com\/wp-content\/uploads\/2025\/10\/2011_03_25_uchwala_zg_stale_informacje_o_towarzystwie.pdf\" target=\"_blank\" rel=\"noopener\">sta\u0142ych informacji o Towarzystwie<\/a><\/td>\n<\/tr>\n<tr>\n<td valign=\"top\">2011-03-25<\/td>\n<td valign=\"top\"><a class=\"link\" href=\"https:\/\/orlpoland.com\/wp-content\/uploads\/2025\/10\/2011_03_25_uchwala_zg_udostepnianie_logo.pdf\" target=\"_blank\" rel=\"noopener\">zasad udost\u0119pniania god\u0142a Towarzystwa<\/a><\/td>\n<\/tr>\n<tr>\n<td valign=\"top\">2010-12-03<\/td>\n<td valign=\"top\"><a class=\"link\" href=\"https:\/\/orlpoland.com\/wp-content\/uploads\/2025\/10\/2010_12_03_uchwala_zg_patronat.pdf\" target=\"_blank\" rel=\"noopener\">patronatu i zasad udzia\u0142u przedstawicieli Zarz\u0105du G\u0142\u00f3wnego w krajowych konferencjach naukowych i szkoleniowych<\/a><\/td>\n<\/tr>\n<tr>\n<td valign=\"top\">2010-12-03<\/td>\n<td valign=\"top\"><a class=\"link\" href=\"https:\/\/orlpoland.com\/wp-content\/uploads\/2025\/10\/2010_12_03_uchwala_zg_wysokosc_skladki.pdf\" target=\"_blank\" rel=\"noopener\">wysoko\u015bci sk\u0142adki cz\u0142onkowskiej dla Cz\u0142onk\u00f3w Zwyczajnych na rok 2011<\/a><\/td>\n<\/tr>\n<\/tbody>\n<\/table>\t\t\t\t\t\t\t\t<\/div>\n\t\t\t\t<div class=\"elementor-element elementor-element-f8d1728 elementor-widget elementor-widget-spacer\" data-id=\"f8d1728\" data-element_type=\"widget\" data-e-type=\"widget\" data-widget_type=\"spacer.default\">\n\t\t\t\t\t\t\t<div class=\"elementor-spacer\">\n\t\t\t<div class=\"elementor-spacer-inner\"><\/div>\n\t\t<\/div>\n\t\t\t\t\t\t<\/div>\n\t\t\t\t\t<\/div>\n\t\t\t\t<\/div>\n\t\t\t\t<\/div>\n\t\t","protected":false},"excerpt":{"rendered":"<p>Strona w trakcie aktualizacji Powr\u00f3t na Stron\u0119 G\u0142\u00f3wn\u0105 UCHWA\u0141Y &nbsp; DATA W SPRAWIE&#8230; 2022-10-10 ustalenia wysoko\u015bci sk\u0142adki cz\u0142onkowskiej i op\u0142aty za prenumerat\u0119 czasopism Otolaryngologia Polska i Polski Przegl\u0105d Otorynolaryngologiczny 2022-10-10 podpisania umowy na wydawanie organ\u00f3w Zarz\u0105du G\u0142\u00f3wnego Otolaryngologii Polskiej i Polskiego Przegl\u0105du Otorynolaryngologicznego 2022-03-09 wniosk\u00f3w Koleg\u00f3w o Nagrod\u0119 Naukow\u0105 im. Prof. Jana Miodo\u0144skiego 2022-03-09 wypowiedzenia [&hellip;]<\/p>\n","protected":false},"author":1,"featured_media":0,"parent":0,"menu_order":0,"comment_status":"closed","ping_status":"closed","template":"","meta":{"footnotes":""},"class_list":["post-576","page","type-page","status-publish","hentry"],"blocksy_meta":[],"_links":{"self":[{"href":"https:\/\/orlpoland.com\/index.php?rest_route=\/wp\/v2\/pages\/576","targetHints":{"allow":["GET"]}}],"collection":[{"href":"https:\/\/orlpoland.com\/index.php?rest_route=\/wp\/v2\/pages"}],"about":[{"href":"https:\/\/orlpoland.com\/index.php?rest_route=\/wp\/v2\/types\/page"}],"author":[{"embeddable":true,"href":"https:\/\/orlpoland.com\/index.php?rest_route=\/wp\/v2\/users\/1"}],"replies":[{"embeddable":true,"href":"https:\/\/orlpoland.com\/index.php?rest_route=%2Fwp%2Fv2%2Fcomments&post=576"}],"version-history":[{"count":19,"href":"https:\/\/orlpoland.com\/index.php?rest_route=\/wp\/v2\/pages\/576\/revisions"}],"predecessor-version":[{"id":2518,"href":"https:\/\/orlpoland.com\/index.php?rest_route=\/wp\/v2\/pages\/576\/revisions\/2518"}],"wp:attachment":[{"href":"https:\/\/orlpoland.com\/index.php?rest_route=%2Fwp%2Fv2%2Fmedia&parent=576"}],"curies":[{"name":"wp","href":"https:\/\/api.w.org\/{rel}","templated":true}]}}