{"id":537,"date":"2025-07-15T13:52:32","date_gmt":"2025-07-15T11:52:32","guid":{"rendered":"https:\/\/orlpoland.com\/?page_id=537"},"modified":"2025-11-26T09:50:31","modified_gmt":"2025-11-26T08:50:31","slug":"komisje","status":"publish","type":"page","link":"https:\/\/orlpoland.com\/?page_id=537&lang=pl","title":{"rendered":"Komisje"},"content":{"rendered":"\t\t<div data-elementor-type=\"wp-page\" data-elementor-id=\"537\" class=\"elementor elementor-537\">\n\t\t\t\t<div class=\"elementor-element elementor-element-6aa3fb0 e-flex e-con-boxed e-con e-parent\" data-id=\"6aa3fb0\" data-element_type=\"container\" data-e-type=\"container\">\n\t\t\t\t\t<div class=\"e-con-inner\">\n\t\t\t\t<div class=\"elementor-element elementor-element-01ac7a2 elementor-widget elementor-widget-spacer\" data-id=\"01ac7a2\" data-element_type=\"widget\" data-e-type=\"widget\" data-widget_type=\"spacer.default\">\n\t\t\t\t\t\t\t<div class=\"elementor-spacer\">\n\t\t\t<div class=\"elementor-spacer-inner\"><\/div>\n\t\t<\/div>\n\t\t\t\t\t\t<\/div>\n\t\t\t\t\t<\/div>\n\t\t\t\t<\/div>\n\t\t<div class=\"elementor-element elementor-element-ce9b498 e-flex e-con-boxed e-con e-parent\" data-id=\"ce9b498\" data-element_type=\"container\" data-e-type=\"container\">\n\t\t\t\t\t<div class=\"e-con-inner\">\n\t\t\t\t<div class=\"elementor-element elementor-element-940aba1 elementor-view-default elementor-widget elementor-widget-icon\" data-id=\"940aba1\" data-element_type=\"widget\" data-e-type=\"widget\" data-widget_type=\"icon.default\">\n\t\t\t\t\t\t\t<div class=\"elementor-icon-wrapper\">\n\t\t\t<div class=\"elementor-icon\">\n\t\t\t<svg aria-hidden=\"true\" class=\"e-font-icon-svg e-fas-square\" viewBox=\"0 0 448 512\" xmlns=\"http:\/\/www.w3.org\/2000\/svg\"><path d=\"M400 32H48C21.5 32 0 53.5 0 80v352c0 26.5 21.5 48 48 48h352c26.5 0 48-21.5 48-48V80c0-26.5-21.5-48-48-48z\"><\/path><\/svg>\t\t\t<\/div>\n\t\t<\/div>\n\t\t\t\t\t\t<\/div>\n\t\t\t\t<div class=\"elementor-element elementor-element-f91f0aa elementor-widget elementor-widget-heading\" data-id=\"f91f0aa\" data-element_type=\"widget\" data-e-type=\"widget\" data-widget_type=\"heading.default\">\n\t\t\t\t\t<h2 class=\"elementor-heading-title elementor-size-default\">KOMISJE<\/h2>\t\t\t\t<\/div>\n\t\t\t\t\t<\/div>\n\t\t\t\t<\/div>\n\t\t<div class=\"elementor-element elementor-element-44efcdd e-flex e-con-boxed e-con e-parent\" data-id=\"44efcdd\" data-element_type=\"container\" data-e-type=\"container\">\n\t\t\t\t\t<div class=\"e-con-inner\">\n\t\t\t\t<div class=\"elementor-element elementor-element-185698c elementor-widget elementor-widget-spacer\" data-id=\"185698c\" data-element_type=\"widget\" data-e-type=\"widget\" data-widget_type=\"spacer.default\">\n\t\t\t\t\t\t\t<div class=\"elementor-spacer\">\n\t\t\t<div class=\"elementor-spacer-inner\"><\/div>\n\t\t<\/div>\n\t\t\t\t\t\t<\/div>\n\t\t\t\t<div class=\"elementor-element elementor-element-aa43629 elementor-widget elementor-widget-text-editor\" data-id=\"aa43629\" data-element_type=\"widget\" data-e-type=\"widget\" data-widget_type=\"text-editor.default\">\n\t\t\t\t\t\t\t\t\t<h5 class=\"tekst\">w kadencji 2024-2026<\/h5><p>\u00a0<\/p><p><strong>Komisja Rewizyjna<\/strong><\/p><ul class=\"kwadrat tekst\"><li>Dr hab. Ma\u0142gorzata Leszczy\u0144ska (Pozna\u0144)<\/li><li>Prof. dr hab. Violetta Pietruszewska (\u0141\u00f3d\u017a)<\/li><li>Dr hab. Dominik Stodulski (Gda\u0144sk)<\/li><\/ul><p>\u00a0<\/p><p><strong>Komisja ds. Nagr\u00f3d im. Profesora Jana Miodo\u0144skiego<\/strong><\/p><ul class=\"kwadrat tekst\"><li>Dr hab. Antoni Bruzgielewicz (Warszawa)<\/li><li>Prof. dr hab. Pawe\u0142 Burduk (Bydgoszcz)<\/li><li>Prof. dr hab. Jaros\u0142aw Markowski (Katowice)<\/li><\/ul><p>\u00a0<\/p><p><strong>Komisja ds. cz\u0142onkostwa honorowego PTORL<\/strong><\/p><ul class=\"kwadrat tekst\"><li>Prof. dr hab. Ewa Jaworowska (Szczecin)<\/li><li>Prof. dr hab. Czes\u0142aw Stankiewicz (Gda\u0144sk)<\/li><li>Prof. dr hab. Witold Szyfter (Pozna\u0144)<\/li><\/ul><p>\u00a0<\/p><p><strong>Kapitu\u0142a Medalu 100-lecia Polskiego Towarzystwo Otorynolaryngolog\u00f3w \u2013 Chirurg\u00f3w G\u0142owy i Szyi<\/strong><\/p><ul><li>Prof. Jacek Sk\u0142adzie\u0144<\/li><li>Prof. Marek Rogowski<\/li><li>Prof. Tomasz Zato\u0144ski<\/li><li>Dr hab. med. Antoni Bruzgielewicz<\/li><\/ul><p>\u00a0<\/p><p><strong>Redaktor Naczelny OTOLARYNGOLOGII POLSKIEJ<\/strong><\/p><ul class=\"kwadrat tekst\"><li>Prof. dr hab. Ma\u0142gorzata Wierzbicka (Wroc\u0142aw)<\/li><\/ul><p>\u00a0<\/p><p><strong>Redaktor Naczelny POLSKIEGO PRZEGL\u0104DU OTORYNOLARYNGOLOGICZNEGO<\/strong><\/p><ul class=\"kwadrat tekst\"><li>Prof. dr hab. Kazimierz Niemczyk (Warszawa)<\/li><\/ul><p>\u00a0<\/p><p class=\"tekst\">Komisje oraz redaktorzy wybrani podczas Walnego Zebrania Delegat\u00f3w w dniu 25 wrze\u015bnia 2024 r. w Bia\u0142ymstoku.<\/p>\t\t\t\t\t\t\t\t<\/div>\n\t\t\t\t<div class=\"elementor-element elementor-element-fd88779 elementor-widget elementor-widget-spacer\" data-id=\"fd88779\" data-element_type=\"widget\" data-e-type=\"widget\" data-widget_type=\"spacer.default\">\n\t\t\t\t\t\t\t<div class=\"elementor-spacer\">\n\t\t\t<div class=\"elementor-spacer-inner\"><\/div>\n\t\t<\/div>\n\t\t\t\t\t\t<\/div>\n\t\t\t\t\t<\/div>\n\t\t\t\t<\/div>\n\t\t\t\t<\/div>\n\t\t","protected":false},"excerpt":{"rendered":"<p>KOMISJE w kadencji 2024-2026 \u00a0 Komisja Rewizyjna Dr hab. Ma\u0142gorzata Leszczy\u0144ska (Pozna\u0144) Prof. dr hab. Violetta Pietruszewska (\u0141\u00f3d\u017a) Dr hab. Dominik Stodulski (Gda\u0144sk) \u00a0 Komisja ds. Nagr\u00f3d im. Profesora Jana Miodo\u0144skiego Dr hab. Antoni Bruzgielewicz (Warszawa) Prof. dr hab. Pawe\u0142 Burduk (Bydgoszcz) Prof. dr hab. Jaros\u0142aw Markowski (Katowice) \u00a0 Komisja ds. cz\u0142onkostwa honorowego PTORL Prof. [&hellip;]<\/p>\n","protected":false},"author":1,"featured_media":0,"parent":0,"menu_order":0,"comment_status":"closed","ping_status":"closed","template":"","meta":{"footnotes":""},"class_list":["post-537","page","type-page","status-publish","hentry"],"blocksy_meta":[],"_links":{"self":[{"href":"https:\/\/orlpoland.com\/index.php?rest_route=\/wp\/v2\/pages\/537","targetHints":{"allow":["GET"]}}],"collection":[{"href":"https:\/\/orlpoland.com\/index.php?rest_route=\/wp\/v2\/pages"}],"about":[{"href":"https:\/\/orlpoland.com\/index.php?rest_route=\/wp\/v2\/types\/page"}],"author":[{"embeddable":true,"href":"https:\/\/orlpoland.com\/index.php?rest_route=\/wp\/v2\/users\/1"}],"replies":[{"embeddable":true,"href":"https:\/\/orlpoland.com\/index.php?rest_route=%2Fwp%2Fv2%2Fcomments&post=537"}],"version-history":[{"count":13,"href":"https:\/\/orlpoland.com\/index.php?rest_route=\/wp\/v2\/pages\/537\/revisions"}],"predecessor-version":[{"id":2714,"href":"https:\/\/orlpoland.com\/index.php?rest_route=\/wp\/v2\/pages\/537\/revisions\/2714"}],"wp:attachment":[{"href":"https:\/\/orlpoland.com\/index.php?rest_route=%2Fwp%2Fv2%2Fmedia&parent=537"}],"curies":[{"name":"wp","href":"https:\/\/api.w.org\/{rel}","templated":true}]}}