{"id":532,"date":"2025-07-15T13:45:58","date_gmt":"2025-07-15T11:45:58","guid":{"rendered":"https:\/\/orlpoland.com\/?page_id=532"},"modified":"2025-10-13T12:44:29","modified_gmt":"2025-10-13T10:44:29","slug":"zarzad-glowny","status":"publish","type":"page","link":"https:\/\/orlpoland.com\/?page_id=532&lang=pl","title":{"rendered":"Zarz\u0105d G\u0142\u00f3wny"},"content":{"rendered":"\t\t<div data-elementor-type=\"wp-page\" data-elementor-id=\"532\" class=\"elementor elementor-532\">\n\t\t\t\t<div class=\"elementor-element elementor-element-5ac32c5 e-flex e-con-boxed e-con e-parent\" data-id=\"5ac32c5\" data-element_type=\"container\" data-e-type=\"container\">\n\t\t\t\t\t<div class=\"e-con-inner\">\n\t\t\t\t<div class=\"elementor-element elementor-element-869bea0 elementor-widget elementor-widget-spacer\" data-id=\"869bea0\" data-element_type=\"widget\" data-e-type=\"widget\" data-widget_type=\"spacer.default\">\n\t\t\t\t\t\t\t<div class=\"elementor-spacer\">\n\t\t\t<div class=\"elementor-spacer-inner\"><\/div>\n\t\t<\/div>\n\t\t\t\t\t\t<\/div>\n\t\t\t\t\t<\/div>\n\t\t\t\t<\/div>\n\t\t<div class=\"elementor-element elementor-element-0aef821 e-flex e-con-boxed e-con e-parent\" data-id=\"0aef821\" data-element_type=\"container\" data-e-type=\"container\">\n\t\t\t\t\t<div class=\"e-con-inner\">\n\t\t\t\t<div class=\"elementor-element elementor-element-629937c elementor-view-default elementor-widget elementor-widget-icon\" data-id=\"629937c\" data-element_type=\"widget\" data-e-type=\"widget\" data-widget_type=\"icon.default\">\n\t\t\t\t\t\t\t<div class=\"elementor-icon-wrapper\">\n\t\t\t<div class=\"elementor-icon\">\n\t\t\t<svg aria-hidden=\"true\" class=\"e-font-icon-svg e-fas-square\" viewBox=\"0 0 448 512\" xmlns=\"http:\/\/www.w3.org\/2000\/svg\"><path d=\"M400 32H48C21.5 32 0 53.5 0 80v352c0 26.5 21.5 48 48 48h352c26.5 0 48-21.5 48-48V80c0-26.5-21.5-48-48-48z\"><\/path><\/svg>\t\t\t<\/div>\n\t\t<\/div>\n\t\t\t\t\t\t<\/div>\n\t\t\t\t<div class=\"elementor-element elementor-element-a19116d elementor-widget elementor-widget-heading\" data-id=\"a19116d\" data-element_type=\"widget\" data-e-type=\"widget\" data-widget_type=\"heading.default\">\n\t\t\t\t\t<h2 class=\"elementor-heading-title elementor-size-default\">SK\u0141AD ZARZ\u0104DU<\/h2>\t\t\t\t<\/div>\n\t\t\t\t\t<\/div>\n\t\t\t\t<\/div>\n\t\t<div class=\"elementor-element elementor-element-cbca88f e-flex e-con-boxed e-con e-parent\" data-id=\"cbca88f\" data-element_type=\"container\" data-e-type=\"container\">\n\t\t\t\t\t<div class=\"e-con-inner\">\n\t\t\t\t<div class=\"elementor-element elementor-element-cf4d948 elementor-widget elementor-widget-spacer\" data-id=\"cf4d948\" data-element_type=\"widget\" data-e-type=\"widget\" data-widget_type=\"spacer.default\">\n\t\t\t\t\t\t\t<div class=\"elementor-spacer\">\n\t\t\t<div class=\"elementor-spacer-inner\"><\/div>\n\t\t<\/div>\n\t\t\t\t\t\t<\/div>\n\t\t\t\t<div class=\"elementor-element elementor-element-f0952aa elementor-widget elementor-widget-text-editor\" data-id=\"f0952aa\" data-element_type=\"widget\" data-e-type=\"widget\" data-widget_type=\"text-editor.default\">\n\t\t\t\t\t\t\t\t\t<h5 data-start=\"72\" data-end=\"100\">w kadencji 2024-2026<\/h5><p>\u00a0<\/p><p><strong>Przewodnicz\u0105cy Zarz\u0105du<\/strong><\/p><ul class=\"kwadrat tekst\"><li>Prof. dr hab. Marek Rogowski (Bia\u0142ystok)<\/li><\/ul><p>\u00a0<\/p><p><strong>Przewodnicz\u0105cy Elekt<\/strong><\/p><ul class=\"kwadrat tekst\"><li>Prof. dr hab. n. med. Janusz Klatka (Lublin)<\/li><\/ul><p>\u00a0<\/p><p><strong>Sekretarz<\/strong><\/p><ul class=\"kwadrat tekst\"><li>Dr n. med. Piotr Rapiejko (Warszawa)<\/li><\/ul><p>\u00a0<\/p><p><strong>Skarbnik<\/strong><\/p><ul class=\"kwadrat tekst\"><li>Dr hab. n. med. Jaros\u0142aw Mi\u0142o\u0144ski (\u0141\u00f3d\u017a)<\/li><\/ul><p>\u00a0<\/p><p><strong>Cz\u0142onkowie<\/strong><\/p><ul class=\"kwadrat tekst\"><li>Prof. dr hab. n. med. Dariusz Jurkiewicz (Warszawa)<\/li><li>Dr hab. n. med. Bogus\u0142aw Mikaszewski (Gda\u0144sk)<\/li><li>Prof. dr hab. n. med. Kazimierz Niemczyk (Warszawa)<\/li><li>Prof. dr hab. n. med. Marcin Szyma\u0144ski (Lublin)<\/li><li>Prof. dr hab. n. med. Ma\u0142gorzata Wierzbicka (Wroc\u0142aw)<\/li><\/ul><p>\u00a0<\/p><p class=\"tekst\">Zarz\u0105d G\u0142\u00f3wny wybrany podczas Walnego Zebrania Delegat\u00f3w w dniu 25 wrze\u015bnia 2024 r. w Bia\u0142ymstoku.<\/p>\t\t\t\t\t\t\t\t<\/div>\n\t\t\t\t<div class=\"elementor-element elementor-element-022f5e8 elementor-widget elementor-widget-spacer\" data-id=\"022f5e8\" data-element_type=\"widget\" data-e-type=\"widget\" data-widget_type=\"spacer.default\">\n\t\t\t\t\t\t\t<div class=\"elementor-spacer\">\n\t\t\t<div class=\"elementor-spacer-inner\"><\/div>\n\t\t<\/div>\n\t\t\t\t\t\t<\/div>\n\t\t\t\t\t<\/div>\n\t\t\t\t<\/div>\n\t\t\t\t<\/div>\n\t\t","protected":false},"excerpt":{"rendered":"<p>SK\u0141AD ZARZ\u0104DU w kadencji 2024-2026 \u00a0 Przewodnicz\u0105cy Zarz\u0105du Prof. dr hab. Marek Rogowski (Bia\u0142ystok) \u00a0 Przewodnicz\u0105cy Elekt Prof. dr hab. n. med. Janusz Klatka (Lublin) \u00a0 Sekretarz Dr n. med. Piotr Rapiejko (Warszawa) \u00a0 Skarbnik Dr hab. n. med. Jaros\u0142aw Mi\u0142o\u0144ski (\u0141\u00f3d\u017a) \u00a0 Cz\u0142onkowie Prof. dr hab. n. med. Dariusz Jurkiewicz (Warszawa) Dr hab. n. [&hellip;]<\/p>\n","protected":false},"author":1,"featured_media":0,"parent":0,"menu_order":0,"comment_status":"closed","ping_status":"closed","template":"","meta":{"footnotes":""},"class_list":["post-532","page","type-page","status-publish","hentry"],"blocksy_meta":[],"_links":{"self":[{"href":"https:\/\/orlpoland.com\/index.php?rest_route=\/wp\/v2\/pages\/532","targetHints":{"allow":["GET"]}}],"collection":[{"href":"https:\/\/orlpoland.com\/index.php?rest_route=\/wp\/v2\/pages"}],"about":[{"href":"https:\/\/orlpoland.com\/index.php?rest_route=\/wp\/v2\/types\/page"}],"author":[{"embeddable":true,"href":"https:\/\/orlpoland.com\/index.php?rest_route=\/wp\/v2\/users\/1"}],"replies":[{"embeddable":true,"href":"https:\/\/orlpoland.com\/index.php?rest_route=%2Fwp%2Fv2%2Fcomments&post=532"}],"version-history":[{"count":5,"href":"https:\/\/orlpoland.com\/index.php?rest_route=\/wp\/v2\/pages\/532\/revisions"}],"predecessor-version":[{"id":2528,"href":"https:\/\/orlpoland.com\/index.php?rest_route=\/wp\/v2\/pages\/532\/revisions\/2528"}],"wp:attachment":[{"href":"https:\/\/orlpoland.com\/index.php?rest_route=%2Fwp%2Fv2%2Fmedia&parent=532"}],"curies":[{"name":"wp","href":"https:\/\/api.w.org\/{rel}","templated":true}]}}