{"id":2533,"date":"2025-10-13T12:52:12","date_gmt":"2025-10-13T10:52:12","guid":{"rendered":"https:\/\/orlpoland.com\/?page_id=2533"},"modified":"2026-02-12T10:48:05","modified_gmt":"2026-02-12T09:48:05","slug":"zostan-czlonkiem-ptorl","status":"publish","type":"page","link":"https:\/\/orlpoland.com\/?page_id=2533&lang=pl","title":{"rendered":"Zosta\u0144 cz\u0142onkiem PTORL"},"content":{"rendered":"\t\t<div data-elementor-type=\"wp-page\" data-elementor-id=\"2533\" class=\"elementor elementor-2533\">\n\t\t\t\t<div class=\"elementor-element elementor-element-7d11fed e-flex e-con-boxed e-con e-parent\" data-id=\"7d11fed\" data-element_type=\"container\" data-e-type=\"container\">\n\t\t\t\t\t<div class=\"e-con-inner\">\n\t\t\t\t<div class=\"elementor-element elementor-element-29fb9f0 elementor-widget elementor-widget-spacer\" data-id=\"29fb9f0\" data-element_type=\"widget\" data-e-type=\"widget\" data-widget_type=\"spacer.default\">\n\t\t\t\t\t\t\t<div class=\"elementor-spacer\">\n\t\t\t<div class=\"elementor-spacer-inner\"><\/div>\n\t\t<\/div>\n\t\t\t\t\t\t<\/div>\n\t\t\t\t\t<\/div>\n\t\t\t\t<\/div>\n\t\t<div class=\"elementor-element elementor-element-43db4e3 e-flex e-con-boxed e-con e-parent\" data-id=\"43db4e3\" data-element_type=\"container\" data-e-type=\"container\">\n\t\t\t\t\t<div class=\"e-con-inner\">\n\t\t\t\t<div class=\"elementor-element elementor-element-6501183 elementor-view-default elementor-widget elementor-widget-icon\" data-id=\"6501183\" data-element_type=\"widget\" data-e-type=\"widget\" data-widget_type=\"icon.default\">\n\t\t\t\t\t\t\t<div class=\"elementor-icon-wrapper\">\n\t\t\t<div class=\"elementor-icon\">\n\t\t\t<svg aria-hidden=\"true\" class=\"e-font-icon-svg e-fas-square\" viewBox=\"0 0 448 512\" xmlns=\"http:\/\/www.w3.org\/2000\/svg\"><path d=\"M400 32H48C21.5 32 0 53.5 0 80v352c0 26.5 21.5 48 48 48h352c26.5 0 48-21.5 48-48V80c0-26.5-21.5-48-48-48z\"><\/path><\/svg>\t\t\t<\/div>\n\t\t<\/div>\n\t\t\t\t\t\t<\/div>\n\t\t\t\t<div class=\"elementor-element elementor-element-d06a83e elementor-widget elementor-widget-heading\" data-id=\"d06a83e\" data-element_type=\"widget\" data-e-type=\"widget\" data-widget_type=\"heading.default\">\n\t\t\t\t\t<h2 class=\"elementor-heading-title elementor-size-default\">Zosta\u0144 cz\u0142onkiem PTORL <\/h2>\t\t\t\t<\/div>\n\t\t\t\t\t<\/div>\n\t\t\t\t<\/div>\n\t\t<div class=\"elementor-element elementor-element-d59b7d3 e-flex e-con-boxed e-con e-parent\" data-id=\"d59b7d3\" data-element_type=\"container\" data-e-type=\"container\">\n\t\t\t\t\t<div class=\"e-con-inner\">\n\t\t\t\t<div class=\"elementor-element elementor-element-a30614f elementor-widget elementor-widget-text-editor\" data-id=\"a30614f\" data-element_type=\"widget\" data-e-type=\"widget\" data-widget_type=\"text-editor.default\">\n\t\t\t\t\t\t\t\t\t<p><strong>Zgodnie z par. 12 Statutu Towarzystwa:<\/strong><\/p><p><em>Cz\u0142onka zwyczajnego przyjmuje Zarz\u0105d Oddzia\u0142u Towarzystwa na podstawie pisemnego zg\u0142oszenia kandydata, deklaruj\u0105cego gotowo\u015b\u0107 przestrzegania Statutu, popartego rekomendacjami dw\u00f3ch cz\u0142onk\u00f3w Towarzystwa (punkt 2. par 12).<\/em><\/p>\t\t\t\t\t\t\t\t<\/div>\n\t\t\t\t\t<\/div>\n\t\t\t\t<\/div>\n\t\t<div class=\"elementor-element elementor-element-29dc2cd e-flex e-con-boxed e-con e-parent\" data-id=\"29dc2cd\" data-element_type=\"container\" data-e-type=\"container\">\n\t\t\t\t\t<div class=\"e-con-inner\">\n\t\t\t\t<div class=\"elementor-element elementor-element-19f4550 elementor-widget elementor-widget-spacer\" data-id=\"19f4550\" data-element_type=\"widget\" data-e-type=\"widget\" data-widget_type=\"spacer.default\">\n\t\t\t\t\t\t\t<div class=\"elementor-spacer\">\n\t\t\t<div class=\"elementor-spacer-inner\"><\/div>\n\t\t<\/div>\n\t\t\t\t\t\t<\/div>\n\t\t\t\t<div class=\"elementor-element elementor-element-23ef1e9 elementor-align-center elementor-widget elementor-widget-button\" data-id=\"23ef1e9\" data-element_type=\"widget\" data-e-type=\"widget\" data-widget_type=\"button.default\">\n\t\t\t\t\t\t\t\t\t\t<a class=\"elementor-button elementor-button-link elementor-size-sm elementor-animation-grow\" href=\"https:\/\/orlpoland.com\/?page_id=801&#038;lang=pl\">\n\t\t\t\t\t\t<span class=\"elementor-button-content-wrapper\">\n\t\t\t\t\t\t\t\t\t<span class=\"elementor-button-text\">STATUT<\/span>\n\t\t\t\t\t<\/span>\n\t\t\t\t\t<\/a>\n\t\t\t\t\t\t\t\t<\/div>\n\t\t\t\t<div class=\"elementor-element elementor-element-8151ddc elementor-widget elementor-widget-spacer\" data-id=\"8151ddc\" data-element_type=\"widget\" data-e-type=\"widget\" data-widget_type=\"spacer.default\">\n\t\t\t\t\t\t\t<div class=\"elementor-spacer\">\n\t\t\t<div class=\"elementor-spacer-inner\"><\/div>\n\t\t<\/div>\n\t\t\t\t\t\t<\/div>\n\t\t\t\t\t<\/div>\n\t\t\t\t<\/div>\n\t\t\t\t<\/div>\n\t\t","protected":false},"excerpt":{"rendered":"<p>Zosta\u0144 cz\u0142onkiem PTORL Zgodnie z par. 12 Statutu Towarzystwa: Cz\u0142onka zwyczajnego przyjmuje Zarz\u0105d Oddzia\u0142u Towarzystwa na podstawie pisemnego zg\u0142oszenia kandydata, deklaruj\u0105cego gotowo\u015b\u0107 przestrzegania Statutu, popartego rekomendacjami dw\u00f3ch cz\u0142onk\u00f3w Towarzystwa (punkt 2. par 12). STATUT<\/p>\n","protected":false},"author":1,"featured_media":0,"parent":0,"menu_order":0,"comment_status":"closed","ping_status":"closed","template":"","meta":{"footnotes":""},"class_list":["post-2533","page","type-page","status-publish","hentry"],"blocksy_meta":[],"_links":{"self":[{"href":"https:\/\/orlpoland.com\/index.php?rest_route=\/wp\/v2\/pages\/2533","targetHints":{"allow":["GET"]}}],"collection":[{"href":"https:\/\/orlpoland.com\/index.php?rest_route=\/wp\/v2\/pages"}],"about":[{"href":"https:\/\/orlpoland.com\/index.php?rest_route=\/wp\/v2\/types\/page"}],"author":[{"embeddable":true,"href":"https:\/\/orlpoland.com\/index.php?rest_route=\/wp\/v2\/users\/1"}],"replies":[{"embeddable":true,"href":"https:\/\/orlpoland.com\/index.php?rest_route=%2Fwp%2Fv2%2Fcomments&post=2533"}],"version-history":[{"count":10,"href":"https:\/\/orlpoland.com\/index.php?rest_route=\/wp\/v2\/pages\/2533\/revisions"}],"predecessor-version":[{"id":2868,"href":"https:\/\/orlpoland.com\/index.php?rest_route=\/wp\/v2\/pages\/2533\/revisions\/2868"}],"wp:attachment":[{"href":"https:\/\/orlpoland.com\/index.php?rest_route=%2Fwp%2Fv2%2Fmedia&parent=2533"}],"curies":[{"name":"wp","href":"https:\/\/api.w.org\/{rel}","templated":true}]}}