{"id":2018,"date":"2025-09-10T12:46:40","date_gmt":"2025-09-10T10:46:40","guid":{"rendered":"https:\/\/orlpoland.com\/?page_id=2018"},"modified":"2026-02-27T09:58:30","modified_gmt":"2026-02-27T08:58:30","slug":"dodaj-konferencje","status":"publish","type":"page","link":"https:\/\/orlpoland.com\/?page_id=2018&lang=pl","title":{"rendered":"Dodaj konferencj\u0119"},"content":{"rendered":"\t\t<div data-elementor-type=\"wp-page\" data-elementor-id=\"2018\" class=\"elementor elementor-2018\">\n\t\t\t\t<div class=\"elementor-element elementor-element-06cbb80 e-flex e-con-boxed e-con e-parent\" data-id=\"06cbb80\" data-element_type=\"container\" data-e-type=\"container\">\n\t\t\t\t\t<div class=\"e-con-inner\">\n\t\t\t\t<div class=\"elementor-element elementor-element-eb5ee57 elementor-widget elementor-widget-spacer\" data-id=\"eb5ee57\" data-element_type=\"widget\" data-e-type=\"widget\" data-widget_type=\"spacer.default\">\n\t\t\t\t\t\t\t<div class=\"elementor-spacer\">\n\t\t\t<div class=\"elementor-spacer-inner\"><\/div>\n\t\t<\/div>\n\t\t\t\t\t\t<\/div>\n\t\t\t\t<div class=\"elementor-element elementor-element-e16f816 elementor-widget elementor-widget-text-editor\" data-id=\"e16f816\" data-element_type=\"widget\" data-e-type=\"widget\" data-widget_type=\"text-editor.default\">\n\t\t\t\t\t\t\t\t\t<p>Zg\u0142oszenia materia\u0142\u00f3w do publikacji wy\u015blij tutaj \u2013\u00a0<a id=\"menur2go\" class=\"fui-Link ___1q1shib f2hkw1w f3rmtva f1ewtqcl fyind8e f1k6fduh f1w7gpdv fk6fouc fjoy568 figsok6 f1s184ao f1mk8lai fnbmjn9 f1o700av f13mvf36 f1cmlufx f9n3di6 f1ids18y f1tx3yz7 f1deo86v f1eh06m1 f1iescvh fhgqx19 f1olyrje f1p93eir f1nev41a f1h8hb77 f1lqvz6u f10aw75t fsle3fq f17ae5zn\" title=\"mailto:kontakt@orlpoland.com\" href=\"mailto:kontakt@orlpoland.com\" target=\"_blank\" rel=\"noreferrer noopener\" aria-label=\"Link kontakt@orlpoland.com\">kontakt@orlpoland.com<\/a><\/p><p>lub wype\u0142nij poni\u017cszy formularz.<\/p>\t\t\t\t\t\t\t\t<\/div>\n\t\t\t\t<div class=\"elementor-element elementor-element-416da33 elementor-widget elementor-widget-heading\" data-id=\"416da33\" data-element_type=\"widget\" data-e-type=\"widget\" data-widget_type=\"heading.default\">\n\t\t\t\t\t<h2 class=\"elementor-heading-title elementor-size-default\">Dodaj wydarzenie<\/h2>\t\t\t\t<\/div>\n\t\t\t\t<div class=\"elementor-element elementor-element-3de1997 elementor-widget elementor-widget-shortcode\" data-id=\"3de1997\" data-element_type=\"widget\" data-e-type=\"widget\" data-widget_type=\"shortcode.default\">\n\t\t\t\t\t\t\t<div class=\"elementor-shortcode\"><div class=\"forminator-ui forminator-custom-form forminator-custom-form-2017 forminator-design--material  forminator_ajax\" data-forminator-render=\"0\" data-form=\"forminator-module-2017\" data-uid=\"69dedebcee5e1\"><br\/><\/div><form\n\t\t\t\tid=\"forminator-module-2017\"\n\t\t\t\tclass=\"forminator-ui forminator-custom-form forminator-custom-form-2017 forminator-design--material  forminator_ajax\"\n\t\t\t\tmethod=\"post\"\n\t\t\t\tdata-forminator-render=\"0\"\n\t\t\t\tdata-form-id=\"2017\"\n\t\t\t\tenctype=\"multipart\/form-data\" data-color-option=\"theme\" data-design=\"material\" data-grid=\"open\" style=\"display: none;\"\n\t\t\t\tdata-uid=\"69dedebcee5e1\"\n\t\t\t><div role=\"alert\" aria-live=\"polite\" class=\"forminator-response-message forminator-error\" aria-hidden=\"true\"><\/div><div class=\"forminator-row\"><div id=\"textarea-1\" class=\"forminator-field-textarea forminator-col forminator-col-12 \"><div class=\"forminator-field\"><label for=\"forminator-field-textarea-1_69dedebcee5e1\" id=\"forminator-field-textarea-1_69dedebcee5e1-label\" class=\"forminator-label\">Tytu\u0142 <span class=\"forminator-required\">*<\/span><\/label><textarea name=\"textarea-1\" placeholder=\"\" id=\"forminator-field-textarea-1_69dedebcee5e1\" class=\"forminator-textarea\" rows=\"6\" style=\"min-height:140px;\" ><\/textarea><\/div><\/div><\/div><div class=\"forminator-row\"><div id=\"textarea-2\" class=\"forminator-field-textarea forminator-col forminator-col-12 \"><div class=\"forminator-field\"><label for=\"forminator-field-textarea-2_69dedebcee5e1\" id=\"forminator-field-textarea-2_69dedebcee5e1-label\" class=\"forminator-label\">Opis <span class=\"forminator-required\">*<\/span><\/label><textarea name=\"textarea-2\" placeholder=\"\" id=\"forminator-field-textarea-2_69dedebcee5e1\" class=\"forminator-textarea\" rows=\"6\" style=\"min-height:140px;\" ><\/textarea><\/div><\/div><\/div><div class=\"forminator-row\"><div id=\"upload-1\" class=\"forminator-field-upload forminator-col forminator-col-12 \"><div class=\"forminator-field\"><label for=\"forminator-field-upload-1_69dedebcee5e1\" id=\"forminator-field-upload-1_69dedebcee5e1-label\" class=\"forminator-label\">Baner wydarzenia<\/label><span id=\"forminator-field-upload-1_69dedebcee5e1-description\" class=\"forminator-description\">Zdj\u0119cie g\u0142\u00f3wne wydarzenia (preferowany prostok\u0105t, 1200\u00d7628 px, JPG\/PNG). B\u0119dzie wy\u015bwietlane w pe\u0142nym widoku wydarzenia.<\/span><div class=\"forminator-file-upload \" data-element=\"upload-1_69dedebcee5e1\" aria-describedby=\"forminator-field-upload-1_69dedebcee5e1-description\"><input type=\"file\" name=\"upload-1\" id=\"forminator-field-upload-1_69dedebcee5e1\" class=\"forminator-input-file\" accept=\".jpg,.jpeg,.jpe,.gif,.png,.bmp,.tiff,.tif,.webp,.avif,.ico,.heic,.heif,.heics,.heifs,.asf,.asx,.wmv,.wmx,.wm,.avi,.divx,.flv,.mov,.qt,.mpeg,.mpg,.mpe,.mp4,.m4v,.ogv,.webm,.mkv,.3gp,.3gpp,.3g2,.3gp2,.txt,.asc,.c,.cc,.h,.srt,.csv,.tsv,.ics,.rtx,.vtt,.mp3,.m4a,.m4b,.aac,.ra,.ram,.wav,.x-wav,.ogg,.oga,.flac,.mid,.midi,.wma,.wax,.mka,.rtf,.pdf,.class,.tar,.zip,.gz,.gzip,.7z,.psd,.xcf,.doc,.pot,.pps,.ppt,.wri,.xla,.xls,.xlt,.xlw,.mdb,.mpp,.docx,.docm,.dotx,.dotm,.xlsx,.xlsm,.xlsb,.xltx,.xltm,.xlam,.pptx,.pptm,.ppsx,.ppsm,.potx,.potm,.ppam,.sldx,.sldm,.onetoc,.onetoc2,.onetmp,.onepkg,.oxps,.xps,.odt,.odp,.ods,.odg,.odc,.odb,.odf,.wp,.wpd,.key,.numbers,.pages\" tabindex=\"-1\"><button id=\"forminator-field-upload-1_69dedebcee5e1_button\" class=\"forminator-button forminator-button-upload\" data-id=\"forminator-field-upload-1_69dedebcee5e1\">Choose File<\/button><span data-empty-text=\"No file chosen\">No file chosen<\/span><button class=\"forminator-button-delete\" style=\"display: none;\"><i class=\"forminator-icon-close\" aria-hidden=\"true\"><\/i><span class=\"forminator-screen-reader-only\">Delete uploaded file<\/span><\/button><\/div><\/div><\/div><\/div><div class=\"forminator-row\"><div id=\"upload-2\" class=\"forminator-field-upload forminator-col forminator-col-12 \"><div class=\"forminator-field\"><label for=\"forminator-field-upload-2_69dedebcee5e1\" id=\"forminator-field-upload-2_69dedebcee5e1-label\" class=\"forminator-label\">Miniaturka<\/label><span id=\"forminator-field-upload-2_69dedebcee5e1-description\" class=\"forminator-description\">Miniaturka wydarzenia (preferowana kwadratowa, 400\u00d7400 px, JPG\/PNG). B\u0119dzie wy\u015bwietlana w listach i skr\u00f3tach wydarzenia.<\/span><div class=\"forminator-file-upload \" data-element=\"upload-2_69dedebcee5e1\" aria-describedby=\"forminator-field-upload-2_69dedebcee5e1-description\"><input type=\"file\" name=\"upload-2\" id=\"forminator-field-upload-2_69dedebcee5e1\" class=\"forminator-input-file\" accept=\".jpg,.jpeg,.jpe,.gif,.png,.bmp,.tiff,.tif,.webp,.avif,.ico,.heic,.heif,.heics,.heifs,.asf,.asx,.wmv,.wmx,.wm,.avi,.divx,.flv,.mov,.qt,.mpeg,.mpg,.mpe,.mp4,.m4v,.ogv,.webm,.mkv,.3gp,.3gpp,.3g2,.3gp2,.txt,.asc,.c,.cc,.h,.srt,.csv,.tsv,.ics,.rtx,.vtt,.mp3,.m4a,.m4b,.aac,.ra,.ram,.wav,.x-wav,.ogg,.oga,.flac,.mid,.midi,.wma,.wax,.mka,.rtf,.pdf,.class,.tar,.zip,.gz,.gzip,.7z,.psd,.xcf,.doc,.pot,.pps,.ppt,.wri,.xla,.xls,.xlt,.xlw,.mdb,.mpp,.docx,.docm,.dotx,.dotm,.xlsx,.xlsm,.xlsb,.xltx,.xltm,.xlam,.pptx,.pptm,.ppsx,.ppsm,.potx,.potm,.ppam,.sldx,.sldm,.onetoc,.onetoc2,.onetmp,.onepkg,.oxps,.xps,.odt,.odp,.ods,.odg,.odc,.odb,.odf,.wp,.wpd,.key,.numbers,.pages\" tabindex=\"-1\"><button id=\"forminator-field-upload-2_69dedebcee5e1_button\" class=\"forminator-button forminator-button-upload\" data-id=\"forminator-field-upload-2_69dedebcee5e1\">Choose File<\/button><span data-empty-text=\"No file chosen\">No file chosen<\/span><button class=\"forminator-button-delete\" style=\"display: none;\"><i class=\"forminator-icon-close\" aria-hidden=\"true\"><\/i><span class=\"forminator-screen-reader-only\">Delete uploaded file<\/span><\/button><\/div><\/div><\/div><\/div><div class=\"forminator-row\"><div id=\"textarea-3\" class=\"forminator-field-textarea forminator-col forminator-col-12 \"><div class=\"forminator-field\"><label for=\"forminator-field-textarea-3_69dedebcee5e1\" id=\"forminator-field-textarea-3_69dedebcee5e1-label\" class=\"forminator-label\">Miejsce wydarzenia<\/label><textarea name=\"textarea-3\" placeholder=\"\" id=\"forminator-field-textarea-3_69dedebcee5e1\" class=\"forminator-textarea\" rows=\"6\" style=\"min-height:140px;\" ><\/textarea><\/div><\/div><\/div><div class=\"forminator-row\"><div id=\"checkbox-1\" class=\"forminator-field-checkbox forminator-col forminator-col-12 \"><div role=\"group\" class=\"forminator-field\" aria-labelledby=\"forminator-checkbox-group-forminator-field-checkbox-1-69dedebcee5e1-label\"><span id=\"forminator-checkbox-group-forminator-field-checkbox-1-69dedebcee5e1-label\" class=\"forminator-label\">Wydarzenie online<\/span><label id=\"forminator-field-checkbox-1-1-69dedebcee5e1-label\" for=\"forminator-field-checkbox-1-1-69dedebcee5e1\" class=\"forminator-checkbox\" title=\"Tak\"><input type=\"checkbox\" name=\"checkbox-1[]\" value=\"one\" id=\"forminator-field-checkbox-1-1-69dedebcee5e1\" aria-labelledby=\"forminator-field-checkbox-1-1-69dedebcee5e1-label\" data-calculation=\"0\"   data-hidden-behavior=\"zero\"\/><span class=\"forminator-checkbox-box\" aria-hidden=\"true\"><\/span><span class=\"forminator-checkbox-label\">Tak<\/span><\/label><label id=\"forminator-field-checkbox-1-2-69dedebcee5e1-label\" for=\"forminator-field-checkbox-1-2-69dedebcee5e1\" class=\"forminator-checkbox\" title=\"Nie\"><input type=\"checkbox\" name=\"checkbox-1[]\" value=\"two\" id=\"forminator-field-checkbox-1-2-69dedebcee5e1\" aria-labelledby=\"forminator-field-checkbox-1-2-69dedebcee5e1-label\" data-calculation=\"0\"   data-hidden-behavior=\"zero\"\/><span class=\"forminator-checkbox-box\" aria-hidden=\"true\"><\/span><span class=\"forminator-checkbox-label\">Nie<\/span><\/label><\/div><\/div><\/div><div class=\"forminator-row\"><div id=\"date-1\" class=\"forminator-field-date forminator-col forminator-col-12 \"><div class=\"forminator-field\"><label for=\"forminator-field-date-1-picker_69dedebcee5e1\" id=\"forminator-field-date-1-picker_69dedebcee5e1-label\" class=\"forminator-label\">Data rozpocz\u0119cia <span class=\"forminator-required\">*<\/span><\/label><div class=\"forminator-input-with-icon\"><span class=\"forminator-icon-calendar\" aria-hidden=\"true\"><\/span><input autocomplete=\"off\" type=\"text\" size=\"1\" name=\"date-1\" value=\"\" placeholder=\"\" id=\"forminator-field-date-1-picker_69dedebcee5e1\" class=\"forminator-input forminator-datepicker\" data-required=\"1\" data-format=\"dd\/mm\/yy\" data-restrict-type=\"\" data-restrict=\"\" data-start-year=\"1926\" data-end-year=\"2126\" data-past-dates=\"enable\" data-start-of-week=\"1\" data-start-date=\"\" data-end-date=\"\" data-start-field=\"\" data-end-field=\"\" data-start-offset=\"\" data-end-offset=\"\" data-disable-date=\"\" data-disable-range=\"\" \/><\/div><\/div><\/div><\/div><div class=\"forminator-row\"><div id=\"date-2\" class=\"forminator-field-date forminator-col forminator-col-12 \"><div class=\"forminator-field\"><label for=\"forminator-field-date-2-picker_69dedebcee5e1\" id=\"forminator-field-date-2-picker_69dedebcee5e1-label\" class=\"forminator-label\">Data zako\u0144czenia <span class=\"forminator-required\">*<\/span><\/label><div class=\"forminator-input-with-icon\"><span class=\"forminator-icon-calendar\" aria-hidden=\"true\"><\/span><input autocomplete=\"off\" type=\"text\" size=\"1\" name=\"date-2\" value=\"\" placeholder=\"\" id=\"forminator-field-date-2-picker_69dedebcee5e1\" class=\"forminator-input forminator-datepicker\" data-required=\"1\" data-format=\"dd\/mm\/yy\" data-restrict-type=\"\" data-restrict=\"\" data-start-year=\"1926\" data-end-year=\"2126\" data-past-dates=\"enable\" data-start-of-week=\"1\" data-start-date=\"\" data-end-date=\"\" data-start-field=\"\" data-end-field=\"\" data-start-offset=\"\" data-end-offset=\"\" data-disable-date=\"\" data-disable-range=\"\" \/><\/div><\/div><\/div><\/div><div class=\"forminator-row\"><div id=\"checkbox-2\" class=\"forminator-field-checkbox forminator-col forminator-col-12 \"><div role=\"group\" class=\"forminator-field\" aria-labelledby=\"forminator-checkbox-group-forminator-field-checkbox-2-69dedebcee5e1-label\"><span id=\"forminator-checkbox-group-forminator-field-checkbox-2-69dedebcee5e1-label\" class=\"forminator-label\">Typ wydarzenia<\/span><label id=\"forminator-field-checkbox-2-1-69dedebcee5e1-label\" for=\"forminator-field-checkbox-2-1-69dedebcee5e1\" class=\"forminator-checkbox\" title=\"Konferencja\"><input type=\"checkbox\" name=\"checkbox-2[]\" value=\"one\" id=\"forminator-field-checkbox-2-1-69dedebcee5e1\" aria-labelledby=\"forminator-field-checkbox-2-1-69dedebcee5e1-label\" data-calculation=\"0\"   data-hidden-behavior=\"zero\"\/><span class=\"forminator-checkbox-box\" aria-hidden=\"true\"><\/span><span class=\"forminator-checkbox-label\">Konferencja<\/span><\/label><label id=\"forminator-field-checkbox-2-2-69dedebcee5e1-label\" for=\"forminator-field-checkbox-2-2-69dedebcee5e1\" class=\"forminator-checkbox\" title=\"Kurs\"><input type=\"checkbox\" name=\"checkbox-2[]\" value=\"two\" id=\"forminator-field-checkbox-2-2-69dedebcee5e1\" aria-labelledby=\"forminator-field-checkbox-2-2-69dedebcee5e1-label\" data-calculation=\"0\"   data-hidden-behavior=\"zero\"\/><span class=\"forminator-checkbox-box\" aria-hidden=\"true\"><\/span><span class=\"forminator-checkbox-label\">Kurs<\/span><\/label><label id=\"forminator-field-checkbox-2-3-69dedebcee5e1-label\" for=\"forminator-field-checkbox-2-3-69dedebcee5e1\" class=\"forminator-checkbox\" title=\"Zjazd\"><input type=\"checkbox\" name=\"checkbox-2[]\" value=\"Congress\" id=\"forminator-field-checkbox-2-3-69dedebcee5e1\" aria-labelledby=\"forminator-field-checkbox-2-3-69dedebcee5e1-label\" data-calculation=\"0\"   data-hidden-behavior=\"zero\"\/><span class=\"forminator-checkbox-box\" aria-hidden=\"true\"><\/span><span class=\"forminator-checkbox-label\">Zjazd<\/span><\/label><label id=\"forminator-field-checkbox-2-4-69dedebcee5e1-label\" for=\"forminator-field-checkbox-2-4-69dedebcee5e1\" class=\"forminator-checkbox\" title=\"Inne\"><input type=\"checkbox\" name=\"checkbox-2[]\" value=\"custom_option\" id=\"forminator-field-checkbox-2-4-69dedebcee5e1\" aria-labelledby=\"forminator-field-checkbox-2-4-69dedebcee5e1-label\" data-calculation=\"0\"   data-hidden-behavior=\"zero\"\/><span class=\"forminator-checkbox-box\" aria-hidden=\"true\"><\/span><span class=\"forminator-checkbox-label\">Inne<\/span><\/label><div class=\"forminator-field forminator-custom-input\"><input id=\"custom-forminator-field-checkbox-2-4-69dedebcee5e1\" name=\"custom-checkbox-2\" aria-labelledby=\"forminator-field-checkbox-2-4-69dedebcee5e1-label\" class=\"forminator-input\" value=\"\" \/><\/div><\/div><\/div><\/div><div class=\"forminator-row\"><div id=\"url-1\" class=\"forminator-field-url forminator-col forminator-col-12 \"><div class=\"forminator-field\"><label for=\"forminator-field-url-1_69dedebcee5e1\" id=\"forminator-field-url-1_69dedebcee5e1-label\" class=\"forminator-label\">Strona internetowa<\/label><input type=\"url\" name=\"url-1\" value=\"\" placeholder=\"\" id=\"forminator-field-url-1_69dedebcee5e1\" class=\"forminator-input forminator-website--field\" data-required=\"\" aria-required=\"false\" \/><\/div><\/div><\/div><div class=\"forminator-row\"><div id=\"group-1\" class=\"forminator-field-group forminator-col forminator-col-12 \"><label class=\"forminator-label forminator-repeater-label\">Dane osoby zg\u0142aszaj\u0105cej<\/label><div class=\"forminator-all-group-copies forminator-repeater-field\"><div class=\"forminator-grouped-fields\" data-options=\"{&quot;is_repeater&quot;:false,&quot;min_type&quot;:&quot;custom&quot;,&quot;max_type&quot;:&quot;custom&quot;,&quot;min&quot;:1,&quot;max&quot;:9223372036854775807,&quot;add_text&quot;:&quot;Add item&quot;,&quot;remove_text&quot;:&quot;Remove item&quot;,&quot;action_element_type&quot;:&quot;button&quot;}\"><div class=\"forminator-row\"><div id=\"name-1\" class=\"forminator-field-name forminator-col forminator-col-12 \"><div class=\"forminator-row forminator-no-margin\" data-multiple=\"true\"><div class=\"forminator-col forminator-col-md-6\"><div class=\"forminator-field\"><label for=\"forminator-field-first-name-1_69dedebcee5e1\" id=\"forminator-field-first-name-1_69dedebcee5e1-label\" class=\"forminator-label\">Imi\u0119 <span class=\"forminator-required\">*<\/span><\/label><input type=\"text\" name=\"name-1-first-name\" placeholder=\"\" id=\"forminator-field-first-name-1_69dedebcee5e1\" class=\"forminator-input\" aria-required=\"true\" data-multi=\"1\" autocomplete=\"given-name\" value=\"\" \/><\/div><\/div><div class=\"forminator-col forminator-col-md-6\"><div class=\"forminator-field\"><label for=\"forminator-field-last-name-1_69dedebcee5e1\" id=\"forminator-field-last-name-1_69dedebcee5e1-label\" class=\"forminator-label\">Nazwisko <span class=\"forminator-required\">*<\/span><\/label><input type=\"text\" name=\"name-1-last-name\" placeholder=\"\" id=\"forminator-field-last-name-1_69dedebcee5e1\" class=\"forminator-input\" aria-required=\"true\" data-multi=\"1\" autocomplete=\"family-name\" value=\"\" \/><\/div><\/div><\/div><\/div><\/div><div class=\"forminator-row\"><div id=\"email-1\" class=\"forminator-field-email forminator-col forminator-col-12 \"><div class=\"forminator-field\"><label for=\"forminator-field-email-1_69dedebcee5e1\" id=\"forminator-field-email-1_69dedebcee5e1-label\" class=\"forminator-label\">Adres e-mail <span class=\"forminator-required\">*<\/span><\/label><input type=\"email\" name=\"email-1\" value=\"\" placeholder=\"\" id=\"forminator-field-email-1_69dedebcee5e1\" class=\"forminator-input forminator-email--field\" data-required=\"1\" aria-required=\"true\" autocomplete=\"email\" \/><\/div><\/div><\/div><\/div><\/div><\/div><\/div><input type=\"hidden\" name=\"referer_url\" value=\"\" \/><div class=\"forminator-row forminator-row-last\"><div class=\"forminator-col\"><div class=\"forminator-field\"><button class=\"forminator-button forminator-button-submit\"><span>Wy\u015blij<\/span><span aria-hidden=\"true\"><\/span><\/button><\/div><\/div><\/div><input type=\"hidden\" id=\"forminator_nonce\" name=\"forminator_nonce\" value=\"8bf2c3270f\" \/><input type=\"hidden\" name=\"_wp_http_referer\" value=\"\/index.php?rest_route=%2Fwp%2Fv2%2Fpages%2F2018\" \/><input type=\"hidden\" name=\"form_id\" value=\"2017\"><input type=\"hidden\" name=\"page_id\" value=\"2018\"><input type=\"hidden\" name=\"form_type\" value=\"default\"><input type=\"hidden\" name=\"current_url\" value=\"https:\/\/orlpoland.com\/?page_id=2018&#038;lang=pl\"><input type=\"hidden\" name=\"render_id\" value=\"0\"><input type=\"hidden\" name=\"action\" value=\"forminator_submit_form_custom-forms\"><\/form><\/div>\n\t\t\t\t\t\t<\/div>\n\t\t\t\t<div class=\"elementor-element elementor-element-a8d8900 elementor-widget elementor-widget-spacer\" data-id=\"a8d8900\" data-element_type=\"widget\" data-e-type=\"widget\" data-widget_type=\"spacer.default\">\n\t\t\t\t\t\t\t<div class=\"elementor-spacer\">\n\t\t\t<div class=\"elementor-spacer-inner\"><\/div>\n\t\t<\/div>\n\t\t\t\t\t\t<\/div>\n\t\t\t\t\t<\/div>\n\t\t\t\t<\/div>\n\t\t\t\t<\/div>\n\t\t","protected":false},"excerpt":{"rendered":"<p>Zg\u0142oszenia materia\u0142\u00f3w do publikacji wy\u015blij tutaj \u2013\u00a0kontakt@orlpoland.com lub wype\u0142nij poni\u017cszy formularz. Dodaj wydarzenie<\/p>\n","protected":false},"author":1,"featured_media":0,"parent":0,"menu_order":0,"comment_status":"closed","ping_status":"closed","template":"","meta":{"footnotes":""},"class_list":["post-2018","page","type-page","status-publish","hentry"],"blocksy_meta":[],"_links":{"self":[{"href":"https:\/\/orlpoland.com\/index.php?rest_route=\/wp\/v2\/pages\/2018","targetHints":{"allow":["GET"]}}],"collection":[{"href":"https:\/\/orlpoland.com\/index.php?rest_route=\/wp\/v2\/pages"}],"about":[{"href":"https:\/\/orlpoland.com\/index.php?rest_route=\/wp\/v2\/types\/page"}],"author":[{"embeddable":true,"href":"https:\/\/orlpoland.com\/index.php?rest_route=\/wp\/v2\/users\/1"}],"replies":[{"embeddable":true,"href":"https:\/\/orlpoland.com\/index.php?rest_route=%2Fwp%2Fv2%2Fcomments&post=2018"}],"version-history":[{"count":7,"href":"https:\/\/orlpoland.com\/index.php?rest_route=\/wp\/v2\/pages\/2018\/revisions"}],"predecessor-version":[{"id":2925,"href":"https:\/\/orlpoland.com\/index.php?rest_route=\/wp\/v2\/pages\/2018\/revisions\/2925"}],"wp:attachment":[{"href":"https:\/\/orlpoland.com\/index.php?rest_route=%2Fwp%2Fv2%2Fmedia&parent=2018"}],"curies":[{"name":"wp","href":"https:\/\/api.w.org\/{rel}","templated":true}]}}